{"id":4220,"date":"2025-08-18T11:09:12","date_gmt":"2025-08-18T10:09:12","guid":{"rendered":"https:\/\/kinogear.kinolios.com\/?post_type=product&#038;p=4220"},"modified":"2025-09-08T20:48:34","modified_gmt":"2025-09-08T19:48:34","slug":"insert-cordura-pour-poche-kangourou","status":"publish","type":"product","link":"https:\/\/kinogear.kinolios.com\/en\/product\/insert-cordura-pour-poche-kangourou\/","title":{"rendered":"Cordura Insert for Kangaroo Pouch"},"content":{"rendered":"<div class=\"boldgrid-section\">\n<div class=\"container\">\n<div class=\"row\">\n<div class=\"col-lg-12 col-md-12 col-xs-12 col-sm-12\">\n<div class=\"boldgrid-section\">\n<div class=\"container\">\n<div class=\"row\">\n<div class=\"col-lg-12 col-md-12 col-xs-12 col-sm-12\">\n<div>\n<p class=\"\">Cordura divider inserts with elastic retention cord and Velcro attachment for compatible pouches (placard type, kangaroo pouches)<\/p>\n<h3 class=\"\"><strong>Features<\/strong><\/h3>\n<p class=\"\">Strong 500D Milspec Cordura insert<\/p>\n<p>Retention is only provided by elastic cord or external flap<\/p>\n<p>Hook fabric on both sides for compatible pouches with loop surfaces. (for other arrangements please contact us)<\/p>\n<p>Loops on the top to thread bungee cord for direct retention<\/p>\n<p>Each divider is 7,6cms wide<\/p>\n<p>Height adjustment with One-Wrap Velcro strap<\/p>\n<p>Available in two depths:<br \/>\n\u2013 MIL: 25mm for stanag 5.56 \/ Pmag magazine or equivalent<br \/>\n\u2013 LEO: 40mm for radio, PIE, etc<\/p>\n<p>Supplied with 60cms of elastic cord and a textile pull-tab per divider.&nbsp;<\/p>\n<\/div>\n<\/div>\n<\/div>\n<\/div>\n<\/div>\n<\/div>\n<\/div>\n<div class=\"row\">\n<div class=\"col-lg-12 col-md-12 col-xs-12 col-sm-12\">\n<div class=\"boldgrid-section\">\n<div class=\"container\">\n<div class=\"row\">\n<div class=\"col-lg-12 col-md-12 col-xs-12 col-sm-12\">\n<div class=\"\">\n<h3 class=\"\"><strong>Size information<\/strong><\/h3>\n<p class=\"\">Width:&nbsp;<br \/>\nSingle \u2013 7,6 cm<br \/>\nDouble &#8211; 15,2 cm<br \/>\nTriple &#8211; 22,8 cm<br \/>\nQuad &#8211; 30,4 cm<\/p>\n<h4>Origin \/ Information on materials<\/h4>\n<p>More information on the materials used and their origins on the dedicated page: <a href=\"https:\/\/kinogear.kinolios.com\/en\/provenance-des-materiaux\/\">Provenance of the materials<\/a><\/p>\n<\/div>\n<\/div>\n<\/div>\n<\/div>\n<\/div>\n<\/div>\n<\/div>\n<div class=\"row\">\n<div class=\"col-lg-12 col-md-12 col-xs-12 col-sm-12\">\n<h3 class=\"\"><strong>Inventory and customization<\/strong><\/h3>\n<p class=\"\">More information on our inventory management in our <a href=\"https:\/\/kinogear.kinolios.com\/en\/foire-aux-questions\/#Gestion_des_stocks\">F.A.Q.<\/a><\/p>\n<h4 class=\"\"><strong>Customization<\/strong><\/h4>\n<p class=\"translation-block\">Do you have specific needs or want a modified version of this product? Do not hesitate to contact us through our <a href=\"https:\/\/kinogear.kinolios.com\/en\/contact\/\" target=\"_self\">contact form<\/a> or through social networks. We adapt easily and can personalize each request.<\/p>\n<\/div>\n<\/div>\n<\/div>\n<\/div>\n<div class=\"boldgrid-section\">\n<div class=\"container\">\n<div class=\"row\">\n<div class=\"col-lg-12 col-md-12 col-xs-12 col-sm-12\"><\/div>\n<\/div>\n<\/div>\n<\/div>\n<div class=\"boldgrid-section\">\n<div class=\"container\">\n<div class=\"row\">\n<div class=\"col-lg-12 col-md-12 col-xs-12 col-sm-12\"><\/div>\n<\/div>\n<\/div>\n<\/div>","protected":false},"excerpt":{"rendered":"<p>Inserts s\u00e9parateurs en Cordura avec corde \u00e9lastique de r\u00e9tention avec fixation velcro pour poches compatibles (type placard, poches kangourou) Caract\u00e9ristiques Insert en Cordura 500D milspec robuste La r\u00e9tention se fait uniquement par corde \u00e9lastique ou flap externe Fixation velcro crochets des deux c\u00f4t\u00e9s pour poche compatible avec surface boucle. (pour d&rsquo;autres arrangements veuillez nous contacter) [&hellip;]<\/p>\n","protected":false},"featured_media":4246,"comment_status":"open","ping_status":"closed","template":"","meta":[],"product_brand":[],"product_cat":[100],"product_tag":[],"class_list":{"0":"post-4220","1":"product","2":"type-product","3":"status-publish","4":"has-post-thumbnail","6":"product_cat-accessoires-poches-poches","8":"first","9":"onbackorder","10":"shipping-taxable","11":"purchasable","12":"product-type-variable","13":"add-to-wishlist-after_add_to_cart"},"_links":{"self":[{"href":"https:\/\/kinogear.kinolios.com\/en\/wp-json\/wp\/v2\/product\/4220","targetHints":{"allow":["GET"]}}],"collection":[{"href":"https:\/\/kinogear.kinolios.com\/en\/wp-json\/wp\/v2\/product"}],"about":[{"href":"https:\/\/kinogear.kinolios.com\/en\/wp-json\/wp\/v2\/types\/product"}],"replies":[{"embeddable":true,"href":"https:\/\/kinogear.kinolios.com\/en\/wp-json\/wp\/v2\/comments?post=4220"}],"wp:featuredmedia":[{"embeddable":true,"href":"https:\/\/kinogear.kinolios.com\/en\/wp-json\/wp\/v2\/media\/4246"}],"wp:attachment":[{"href":"https:\/\/kinogear.kinolios.com\/en\/wp-json\/wp\/v2\/media?parent=4220"}],"wp:term":[{"taxonomy":"product_brand","embeddable":true,"href":"https:\/\/kinogear.kinolios.com\/en\/wp-json\/wp\/v2\/product_brand?post=4220"},{"taxonomy":"product_cat","embeddable":true,"href":"https:\/\/kinogear.kinolios.com\/en\/wp-json\/wp\/v2\/product_cat?post=4220"},{"taxonomy":"product_tag","embeddable":true,"href":"https:\/\/kinogear.kinolios.com\/en\/wp-json\/wp\/v2\/product_tag?post=4220"}],"curies":[{"name":"wp","href":"https:\/\/api.w.org\/{rel}","templated":true}]}}