{"id":4155,"date":"2025-08-14T08:52:04","date_gmt":"2025-08-14T07:52:04","guid":{"rendered":"https:\/\/kinogear.kinolios.com\/?post_type=product&#038;p=4155"},"modified":"2025-08-14T13:46:09","modified_gmt":"2025-08-14T12:46:09","slug":"poche-med-c","status":"publish","type":"product","link":"https:\/\/kinogear.kinolios.com\/en\/product\/poche-med-c\/","title":{"rendered":"MED-C Pouch"},"content":{"rendered":"<div class=\"boldgrid-section\">\n<div class=\"container\">\n<div class=\"row\">\n<div class=\"col-lg-12 col-md-12 col-xs-12 col-sm-12\">\n<div class=\"boldgrid-section\">\n<div class=\"container\">\n<div class=\"row\">\n<div class=\"col-lg-12 col-md-12 col-xs-12 col-sm-12\">\n<div>\n<p class=\"\">The MED-C Pouch (MEDic \u2013 Every Day Care), designed for first responders, law enforcement, soldiers, hikers and far-sighted citizens, is the ideal compromise between a mini-IFAK belt and a bulky medical kit. Compact, modular, quick to deploy: it fits into a bag, cargo pocket, glove box or patrol box.<\/p>\n<p>This pouch was developed jointly with Al Pro Formation, trainer and specialist in prevention, first aid, risk management and emergency preparedness. <a href=\"https:\/\/www.alproformation.fr\/\" target=\"_blank\" rel=\"noopener\">Al Pro Formation Website<\/a><\/p>\n<\/div>\n<\/div>\n<\/div>\n<\/div>\n<\/div>\n<div class=\"boldgrid-section\">\n<div class=\"container\">\n<div class=\"row\">\n<div class=\"col-lg-12 col-md-12 col-xs-12 col-sm-12\">\n<div class=\"\">\n<h3 class=\"\"><strong>Features<\/strong><\/h3>\n<p class=\"\">500D Cordura pouch with YKK 8C main zipper, double sliders and red silent cords.<\/p>\n<p class=\"\">The pouch is separated into two spaces with PVC windows for quick identification of the contents without having to take out all the supplies.<\/p>\n<p class=\"\">A zippered pouch is a universal and familiar format, allowing simple and effective use even in stressful situations. Any user, even unfamiliar with this design (such as a third-party assistant) will be able to quickly identify and extract the contents needed.<\/p>\n<p>This design is intended to be as adaptable as possible, and therefore does not use elastics which would limit the configurations while being more sensitive to wear and tear. The user is free to organize the two compartments as they wish, with the medical supplies of their choice.&nbsp;<\/p>\n<p>A retention strap with hook fabric allows the pocket to fold and close on itself for compact carry. On this strap, a 25mm strap allows you to attache a Leatherman Raptor type folding scissors with belt clip and hold them against the pocket.<br \/>\nThis strap also serves as an extraction handle.<\/p>\n<p>Loop fabric surface 50mm wide across the entire front for attaching patches or securing the pocket to any hook surface.<\/p>\n<h3 class=\"\"><strong>Example configurations&nbsp;<\/strong><\/h3>\n<p>Configurations prepared by Al Pro Formation<\/p>\n<p>1. Basic configuration, for which the dimensions of the pocket have been chosen:<\/p>\n<ul>\n<li>1x SWAT-T compressive tourniquet<\/li>\n<li>1x Compressed gauze<\/li>\n<li>1x Ventilated chest seal<\/li>\n<li>1x Sterile compression dressing<\/li>\n<li>Sterile compresses<\/li>\n<li>Nose wicks<\/li>\n<li>Blue nitrile gloves<\/li>\n<li>1x Lighter with rolled tape<\/li>\n<li>1x Lip stick<\/li>\n<li>Saline solution ampoules<\/li>\n<li>Desinfectant ampoules<\/li>\n<li>1x Marker<\/li>\n<li>1x Survival blanket<\/li>\n<li>1x Leatherman Raptor style folding scissors<\/li>\n<\/ul>\n<p>2. Alternative operational configuration :<\/p>\n<ul>\n<li>1x 10cms (4in) Israeli compressive bandage<\/li>\n<li>1x SWAT-T compressive tourniquet<\/li>\n<li>1x Occlusive ventilated dressing<\/li>\n<li>1x Occlusive dressing<\/li>\n<li>1x Quick-clot hemostatic dressing<\/li>\n<li>Tyvek triage wristbands<\/li>\n<li>Blue nitrile gloves<\/li>\n<li>1x Marker<\/li>\n<li>1x Nasopharyngeal tube<\/li>\n<li>Sterile compresses<\/li>\n<li>Small dressings<\/li>\n<li>1x Survival blanket<\/li>\n<li>1x Leatherman Raptor style folding scissors<\/li>\n<\/ul>\n<\/div>\n<\/div>\n<\/div>\n<\/div>\n<\/div>\n<\/div>\n<\/div>\n<div class=\"row\">\n<div class=\"col-lg-12 col-md-12 col-xs-12 col-sm-12\">\n<div class=\"boldgrid-section\">\n<div class=\"container\">\n<div class=\"row\">\n<div class=\"col-lg-12 col-md-12 col-xs-12 col-sm-12\">\n<div class=\"\">\n<h3 class=\"\"><strong>Size information<\/strong><\/h3>\n<p class=\"\">Filled size: 16 x 12 x 5cms \u2013 Empty weight: 85g<\/p>\n<h4>Origin \/ Information on materials<\/h4>\n<p>More information on the materials used and their origins on the dedicated page: <a href=\"https:\/\/kinogear.kinolios.com\/en\/provenance-des-materiaux\/\">Provenance of the materials<\/a><\/p>\n<\/div>\n<\/div>\n<\/div>\n<\/div>\n<\/div>\n<\/div>\n<\/div>\n<div class=\"row\">\n<div class=\"col-lg-12 col-md-12 col-xs-12 col-sm-12\">\n<h3 class=\"\"><strong>Inventory and customization<\/strong><\/h3>\n<p class=\"\">More information on our inventory management in our <a href=\"https:\/\/kinogear.kinolios.com\/en\/foire-aux-questions\/#Gestion_des_stocks\">F.A.Q.<\/a><\/p>\n<h4 class=\"\"><strong>Customization<\/strong><\/h4>\n<p class=\"translation-block\">Do you have specific needs or want a modified version of this product? Do not hesitate to contact us through our <a href=\"https:\/\/kinogear.kinolios.com\/en\/contact\/\" target=\"_self\">contact form<\/a> or through social networks. We adapt easily and can personalize each request.<\/p>\n<\/div>\n<\/div>\n<\/div>\n<\/div>","protected":false},"excerpt":{"rendered":"<p>La Poche MED-C (MEDic &#8211; Every Day Care), con\u00e7ue pour les secouristes, forces de l\u2019ordre, militaires, randonneurs et citoyens pr\u00e9voyants, est le compromis id\u00e9al entre un mini-IFAK de ceinture et une trousse m\u00e9dicale encombrante. Compacte, modulable, rapide \u00e0 d\u00e9ployer : elle s\u2019int\u00e8gre dans un sac, poche cargo, bo\u00eete \u00e0 gants ou un coffre de patrouille. [&hellip;]<\/p>\n","protected":false},"featured_media":4174,"comment_status":"open","ping_status":"closed","template":"","meta":[],"product_brand":[],"product_cat":[90,64],"product_tag":[],"class_list":{"0":"post-4155","1":"product","2":"type-product","3":"status-publish","4":"has-post-thumbnail","6":"product_cat-poches","7":"product_cat-rangements-interieurs","8":"product_shipping_class-expedition-standard-2","10":"first","11":"onbackorder","12":"shipping-taxable","13":"purchasable","14":"product-type-variable","15":"add-to-wishlist-after_add_to_cart"},"_links":{"self":[{"href":"https:\/\/kinogear.kinolios.com\/en\/wp-json\/wp\/v2\/product\/4155","targetHints":{"allow":["GET"]}}],"collection":[{"href":"https:\/\/kinogear.kinolios.com\/en\/wp-json\/wp\/v2\/product"}],"about":[{"href":"https:\/\/kinogear.kinolios.com\/en\/wp-json\/wp\/v2\/types\/product"}],"replies":[{"embeddable":true,"href":"https:\/\/kinogear.kinolios.com\/en\/wp-json\/wp\/v2\/comments?post=4155"}],"wp:featuredmedia":[{"embeddable":true,"href":"https:\/\/kinogear.kinolios.com\/en\/wp-json\/wp\/v2\/media\/4174"}],"wp:attachment":[{"href":"https:\/\/kinogear.kinolios.com\/en\/wp-json\/wp\/v2\/media?parent=4155"}],"wp:term":[{"taxonomy":"product_brand","embeddable":true,"href":"https:\/\/kinogear.kinolios.com\/en\/wp-json\/wp\/v2\/product_brand?post=4155"},{"taxonomy":"product_cat","embeddable":true,"href":"https:\/\/kinogear.kinolios.com\/en\/wp-json\/wp\/v2\/product_cat?post=4155"},{"taxonomy":"product_tag","embeddable":true,"href":"https:\/\/kinogear.kinolios.com\/en\/wp-json\/wp\/v2\/product_tag?post=4155"}],"curies":[{"name":"wp","href":"https:\/\/api.w.org\/{rel}","templated":true}]}}