{"id":3984,"date":"2025-07-09T18:13:09","date_gmt":"2025-07-09T17:13:09","guid":{"rendered":"https:\/\/kinogear.kinolios.com\/?post_type=product&#038;p=3984"},"modified":"2025-08-18T14:36:30","modified_gmt":"2025-08-18T13:36:30","slug":"poche-kangourou-mil","status":"publish","type":"product","link":"https:\/\/kinogear.kinolios.com\/en\/product\/poche-kangourou-mil\/","title":{"rendered":"Poche Kangourou MIL"},"content":{"rendered":"<div class=\"boldgrid-section\">\n<div class=\"container\">\n<div class=\"row\">\n<div class=\"col-lg-12 col-md-12 col-xs-12 col-sm-12\">\n<div class=\"boldgrid-section\">\n<div class=\"container\">\n<div class=\"row\">\n<div class=\"col-lg-12 col-md-12 col-xs-12 col-sm-12\">\n<div>\n<p class=\"\">Poche kangourou au volume adapt\u00e9 pour 3x chargeurs stanag 5.56, disponible en version simple ou double. Peut \u00eatre mont\u00e9e sur gilet tactique avec passants MOLLE ou velcro + boucles plastiques<\/p>\n<h3 class=\"\"><strong>Features<\/strong><\/h3>\n<p>En version simple:<br \/>\nCompartiment unique int\u00e9rieur de 3,5 cm de profondeur, assez profond pour inserts porte-chargeurs 5.56 30 coups<\/p>\n<p>En version double:<br \/>\nCompartiment de 7 cm de profondeur, avec un insert velcro amovible s\u00e9parant l&rsquo;espace en deux. Il est ainsi possible d&rsquo;utiliser le compartiment arri\u00e8re pour des porte-chargeurs et l&rsquo;espace avant pour un insert admin comme notre <a href=\"https:\/\/kinogear.kinolios.com\/en\/product\/insert-zip-pour-poche-kangourou\/\">insert zip<\/a>, ou d&rsquo;autres inserts porte-chargeurs<\/p>\n<p>Poche r\u00e9alis\u00e9e en Cordura 500D et webbing trait\u00e9 IRR<\/p>\n<p>Produit modulaire adaptable \u00e0 vos besoins:<br \/>\n&#8211; <span style=\"text-decoration: underline;\">Am\u00e9nagement front<\/span>:&nbsp; soit avec surface velcro boucle simple (option: Velcro), soit avec MOLLE simple (option: MOLLE) ou avec MOLLE recouvert de velcro (option: MOLLE + Velcro<br \/>\n&#8211; <span style=\"text-decoration: underline;\">Support arri\u00e8re<\/span>: type de fixation sur le gilet tactique; soit par velcro avec boucle plastique 25mm r\u00e9glable en hauteur (option: Velcro), soit par passants MOLLE cousus sur la poche (option: MOLLE, empreinte 6&#215;5)<br \/>\n&#8211; <span style=\"text-decoration: underline;\">MOLLE inf\u00e9rieur<\/span>: ajout de passants MOLLE sur le dessous de la poche pour attaches de mat\u00e9riel ou autres poches (option: Oui) ou sans MOLLE sur le dessous (option: Non)<\/p>\n<p>Sur toutes les versions:<br \/>\n&#8211; Passants 2x40mm sur les bords pour attaches de boucle ROC 80 ou tubes type FirstSpear.&nbsp;<br \/>\n&#8211; Passant 25mm sur le haut pour attache sur chest rig<br \/>\n&#8211; 3x Passants MOLLE sur les flancs pour attaches de poches ou \u00e9quipement<br \/>\n&#8211; Espace int\u00e9rieur de 12,5cm de haut<\/p>\n<\/div>\n<\/div>\n<\/div>\n<\/div>\n<\/div>\n<\/div>\n<\/div>\n<div class=\"row\">\n<div class=\"col-lg-12 col-md-12 col-xs-12 col-sm-12\">\n<div class=\"boldgrid-section\">\n<div class=\"container\">\n<div class=\"row\">\n<div class=\"col-lg-12 col-md-12 col-xs-12 col-sm-12\">\n<div class=\"\">\n<h3 class=\"\"><strong>Size information<\/strong><\/h3>\n<p>Version simple: 23 x 15 x 3,5 cm (Largeur x Hauteur x Profondeur) &#8211; Poids 125g<\/p>\n<p>Version double: 23 x 15 x 7 cm (Largeur x Hauteur x Profondeur) &#8211; Poids 200g<\/p>\n<h4>Origin \/ Information on materials<\/h4>\n<p>More information on the materials used and their origins on the dedicated page: <a href=\"https:\/\/kinogear.kinolios.com\/en\/provenance-des-materiaux\/\">Provenance of the materials<\/a><\/p>\n<\/div>\n<\/div>\n<\/div>\n<\/div>\n<\/div>\n<\/div>\n<\/div>\n<div class=\"row\">\n<div class=\"col-lg-12 col-md-12 col-xs-12 col-sm-12\">\n<h3 class=\"\"><strong>Inventory and customization<\/strong><\/h3>\n<p class=\"\">More information on our inventory management in our <a href=\"https:\/\/kinogear.kinolios.com\/en\/foire-aux-questions\/#Gestion_des_stocks\">F.A.Q.<\/a><\/p>\n<h4 class=\"\"><strong>Customization<\/strong><\/h4>\n<p class=\"translation-block\">Do you have specific needs or want a modified version of this product? Do not hesitate to contact us through our <a href=\"https:\/\/kinogear.kinolios.com\/en\/contact\/\" target=\"_self\">contact form<\/a> or through social networks. We adapt easily and can personalize each request.<\/p>\n<\/div>\n<\/div>\n<\/div>\n<\/div>\n<div class=\"boldgrid-section\">\n<div class=\"container\">\n<div class=\"row\">\n<div class=\"col-lg-12 col-md-12 col-xs-12 col-sm-12\"><\/div>\n<\/div>\n<\/div>\n<\/div>","protected":false},"excerpt":{"rendered":"<p>Poche kangourou au volume adapt\u00e9 pour 3x chargeurs stanag 5.56, disponible en version simple ou double. Peut \u00eatre mont\u00e9e sur gilet tactique avec passants MOLLE ou velcro + boucles plastiques Caract\u00e9ristiques En version simple: Compartiment unique int\u00e9rieur de 3,5 cm de profondeur, assez profond pour inserts porte-chargeurs 5.56 30 coups En version double: Compartiment de [&hellip;]<\/p>\n","protected":false},"featured_media":4264,"comment_status":"open","ping_status":"closed","template":"","meta":[],"product_brand":[],"product_cat":[90],"product_tag":[],"class_list":{"0":"post-3984","1":"product","2":"type-product","3":"status-publish","4":"has-post-thumbnail","6":"product_cat-poches","7":"product_shipping_class-expedition-standard-2","9":"first","10":"onbackorder","11":"shipping-taxable","12":"purchasable","13":"product-type-variable","14":"add-to-wishlist-after_add_to_cart"},"_links":{"self":[{"href":"https:\/\/kinogear.kinolios.com\/en\/wp-json\/wp\/v2\/product\/3984","targetHints":{"allow":["GET"]}}],"collection":[{"href":"https:\/\/kinogear.kinolios.com\/en\/wp-json\/wp\/v2\/product"}],"about":[{"href":"https:\/\/kinogear.kinolios.com\/en\/wp-json\/wp\/v2\/types\/product"}],"replies":[{"embeddable":true,"href":"https:\/\/kinogear.kinolios.com\/en\/wp-json\/wp\/v2\/comments?post=3984"}],"wp:featuredmedia":[{"embeddable":true,"href":"https:\/\/kinogear.kinolios.com\/en\/wp-json\/wp\/v2\/media\/4264"}],"wp:attachment":[{"href":"https:\/\/kinogear.kinolios.com\/en\/wp-json\/wp\/v2\/media?parent=3984"}],"wp:term":[{"taxonomy":"product_brand","embeddable":true,"href":"https:\/\/kinogear.kinolios.com\/en\/wp-json\/wp\/v2\/product_brand?post=3984"},{"taxonomy":"product_cat","embeddable":true,"href":"https:\/\/kinogear.kinolios.com\/en\/wp-json\/wp\/v2\/product_cat?post=3984"},{"taxonomy":"product_tag","embeddable":true,"href":"https:\/\/kinogear.kinolios.com\/en\/wp-json\/wp\/v2\/product_tag?post=3984"}],"curies":[{"name":"wp","href":"https:\/\/api.w.org\/{rel}","templated":true}]}}