{"id":3389,"date":"2025-07-09T15:34:16","date_gmt":"2025-07-09T14:34:16","guid":{"rendered":"https:\/\/kinogear.kinolios.com\/?post_type=product&#038;p=3389"},"modified":"2025-10-13T10:47:38","modified_gmt":"2025-10-13T09:47:38","slug":"poche-de-delestage","status":"publish","type":"product","link":"https:\/\/kinogear.kinolios.com\/en\/product\/poche-de-delestage\/","title":{"rendered":"Poche de d\u00e9lestage"},"content":{"rendered":"<div class=\"boldgrid-section\">\n<div class=\"container\">\n<div class=\"row\">\n<div class=\"col-lg-12 col-md-12 col-xs-12 col-sm-12\">\n<div class=\"boldgrid-section\">\n<div class=\"container\">\n<div class=\"row\">\n<div class=\"col-lg-12 col-md-12 col-xs-12 col-sm-12\">\n<div>\n<p class=\"\">Poche de d\u00e9lestage ou dump pouch en Cordura 500D avec empreinte r\u00e9duite<\/p>\n<\/div>\n<\/div>\n<\/div>\n<\/div>\n<\/div>\n<div class=\"boldgrid-section\">\n<div class=\"container\">\n<div class=\"row\">\n<div class=\"col-lg-12 col-md-12 col-xs-12 col-sm-12\">\n<div class=\"\">\n<h3 class=\"\"><strong>Features<\/strong><\/h3>\n<p class=\"\">Poche en Cordura 500D milspec robuste.&nbsp;<\/p>\n<p>Cordon interne en paracorde pour refermer l&rsquo;ouverture et s\u00e9curiser les contenus.&nbsp;<\/p>\n<p>Passants MOLLE int\u00e9rieurs pour monter des poches fines type poches porte-chargeurs et ne pas perdre d&rsquo;espace sur un ceinturon.&nbsp;<\/p>\n<p>Passants MOLLE arri\u00e8res pour monture sur \u00e9quipement compatible (empreinte 3&#215;2)<\/p>\n<p class=\"\">Flap avec fermeture velcro sur le c\u00f4t\u00e9 pour replier et stocker la poche de d\u00e9lestage m\u00eame avec une poche mont\u00e9e sur les passants int\u00e9rieurs.&nbsp;<br \/>\nFormat repli\u00e9 sans poche int\u00e9rieure: 8 x 4 x 11 cms (Largeur x Profondeur x Hauteur)<\/p>\n<p>Fond en mesh pour \u00e9vacuation des liquides et poussi\u00e8res<\/p>\n<p>Permet de contenir 5 \u00e0 6 chargeurs STANAG 30 coups ou \u00e9quivalent.&nbsp;<\/p>\n<p>Mat\u00e9riaux trait\u00e9s pour r\u00e9duction de la signature infrarouge (hormis couleur Noir)<\/p>\n<\/div>\n<\/div>\n<\/div>\n<div class=\"row\">\n<div class=\"col-lg-12 col-md-12 col-xs-12 col-sm-12\">\n<div><\/div>\n<\/div>\n<\/div>\n<\/div>\n<\/div>\n<\/div>\n<\/div>\n<div class=\"row\">\n<div class=\"col-lg-12 col-md-12 col-xs-12 col-sm-12\">\n<div class=\"boldgrid-section\">\n<div class=\"container\">\n<div class=\"row\">\n<div class=\"col-lg-12 col-md-12 col-xs-12 col-sm-12\">\n<div class=\"\">\n<h3 class=\"\"><strong>Size information<\/strong><\/h3>\n<p class=\"\">Taille:&nbsp; 15 x 10 x 25cms (Largeur x Profondeur x Hauteur) &#8211; Poids: 100g<\/p>\n<h4>Origin \/ Information on materials<\/h4>\n<p>More information on the materials used and their origins on the dedicated page: <a href=\"https:\/\/kinogear.kinolios.com\/en\/provenance-des-materiaux\/\">Provenance of the materials<\/a><\/p>\n<\/div>\n<\/div>\n<\/div>\n<\/div>\n<\/div>\n<\/div>\n<\/div>\n<div class=\"row\">\n<div class=\"col-lg-12 col-md-12 col-xs-12 col-sm-12\">\n<h3 class=\"\"><strong>Inventory and customization<\/strong><\/h3>\n<p class=\"\">More information on our inventory management in our <a href=\"https:\/\/kinogear.kinolios.com\/en\/foire-aux-questions\/#Gestion_des_stocks\">F.A.Q.<\/a><\/p>\n<h4 class=\"\"><strong>Customization<\/strong><\/h4>\n<p class=\"translation-block\">Do you have specific needs or want a modified version of this product? Do not hesitate to contact us through our <a href=\"https:\/\/kinogear.kinolios.com\/en\/contact\/\" target=\"_self\">contact form<\/a> or through social networks. We adapt easily and can personalize each request.<\/p>\n<\/div>\n<\/div>\n<\/div>\n<\/div>","protected":false},"excerpt":{"rendered":"<p>Poche de d\u00e9lestage ou dump pouch en Cordura 500D avec empreinte r\u00e9duite Caract\u00e9ristiques Poche en Cordura 500D milspec robuste.&nbsp; Cordon interne en paracorde pour refermer l&rsquo;ouverture et s\u00e9curiser les contenus.&nbsp; Passants MOLLE int\u00e9rieurs pour monter des poches fines type poches porte-chargeurs et ne pas perdre d&rsquo;espace sur un ceinturon.&nbsp; Passants MOLLE arri\u00e8res pour monture sur [&hellip;]<\/p>\n","protected":false},"featured_media":4197,"comment_status":"open","ping_status":"closed","template":"","meta":[],"product_brand":[],"product_cat":[90],"product_tag":[],"class_list":{"0":"post-3389","1":"product","2":"type-product","3":"status-publish","4":"has-post-thumbnail","6":"product_cat-poches","7":"product_shipping_class-expedition-standard-2","9":"first","10":"onbackorder","11":"shipping-taxable","12":"purchasable","13":"product-type-variable","14":"add-to-wishlist-after_add_to_cart"},"_links":{"self":[{"href":"https:\/\/kinogear.kinolios.com\/en\/wp-json\/wp\/v2\/product\/3389","targetHints":{"allow":["GET"]}}],"collection":[{"href":"https:\/\/kinogear.kinolios.com\/en\/wp-json\/wp\/v2\/product"}],"about":[{"href":"https:\/\/kinogear.kinolios.com\/en\/wp-json\/wp\/v2\/types\/product"}],"replies":[{"embeddable":true,"href":"https:\/\/kinogear.kinolios.com\/en\/wp-json\/wp\/v2\/comments?post=3389"}],"wp:featuredmedia":[{"embeddable":true,"href":"https:\/\/kinogear.kinolios.com\/en\/wp-json\/wp\/v2\/media\/4197"}],"wp:attachment":[{"href":"https:\/\/kinogear.kinolios.com\/en\/wp-json\/wp\/v2\/media?parent=3389"}],"wp:term":[{"taxonomy":"product_brand","embeddable":true,"href":"https:\/\/kinogear.kinolios.com\/en\/wp-json\/wp\/v2\/product_brand?post=3389"},{"taxonomy":"product_cat","embeddable":true,"href":"https:\/\/kinogear.kinolios.com\/en\/wp-json\/wp\/v2\/product_cat?post=3389"},{"taxonomy":"product_tag","embeddable":true,"href":"https:\/\/kinogear.kinolios.com\/en\/wp-json\/wp\/v2\/product_tag?post=3389"}],"curies":[{"name":"wp","href":"https:\/\/api.w.org\/{rel}","templated":true}]}}