{"id":3028,"date":"2025-07-09T14:46:14","date_gmt":"2025-07-09T13:46:14","guid":{"rendered":"https:\/\/kinogear.kinolios.com\/?post_type=product&#038;p=3028"},"modified":"2025-08-18T14:29:50","modified_gmt":"2025-08-18T13:29:50","slug":"insert-zip-pour-poche-kangourou","status":"publish","type":"product","link":"https:\/\/kinogear.kinolios.com\/en\/product\/insert-zip-pour-poche-kangourou\/","title":{"rendered":"Insert Zip pour Poche Kangourou"},"content":{"rendered":"<div class=\"boldgrid-section\">\n<div class=\"container\">\n<div class=\"row\">\n<div class=\"col-lg-12 col-md-12 col-xs-12 col-sm-12\">\n<div class=\"boldgrid-section\">\n<div class=\"container\">\n<div class=\"row\">\n<div class=\"col-lg-12 col-md-12 col-xs-12 col-sm-12\">\n<div>\n<p class=\"\">Insert zip avec fermeture \u00e9clair pour poche kangourou<\/p>\n<h3 class=\"\"><strong>Features<\/strong><\/h3>\n<p>Fermeture YKK 8C avec double curseurs et cordons silencieux<\/p>\n<p>La fermeture descends sur les c\u00f4t\u00e9s pour une ouverture maximale.<\/p>\n<p>Attache par velcro crochet sur poche compatible avec velcro boucle (type poche kangourou, placard)<\/p>\n<p>Hauteur r\u00e9glable: l&rsquo;insert peut soit \u00eatre install\u00e9 \u00e0 fleur de la poche kangourou pour r\u00e9duire l&#8217;empreinte, soit en la laissant d\u00e9passer pour offrir un espace interne plus important.<\/p>\n<p>Velcro boucle sur la surface int\u00e9rieure pour attache d&rsquo;inserts organisationnels<\/p>\n<p>&nbsp;<\/p>\n<\/div>\n<\/div>\n<\/div>\n<\/div>\n<\/div>\n<\/div>\n<\/div>\n<div class=\"row\">\n<div class=\"col-lg-12 col-md-12 col-xs-12 col-sm-12\">\n<div class=\"boldgrid-section\">\n<div class=\"container\">\n<div class=\"row\">\n<div class=\"col-lg-12 col-md-12 col-xs-12 col-sm-12\">\n<div class=\"\">\n<h3 class=\"\"><strong>Size information<\/strong><\/h3>\n<p>Pour compartiment de 23,8cms de large. Pour des tailles sp\u00e9cifiques, veuillez nous contacter, ces inserts peuvent \u00eatre r\u00e9alis\u00e9s sur mesure.&nbsp;<\/p>\n<p>Taille: 22 x 17 x 6cms \u2013 Poids: 160g<\/p>\n<h4>Origin \/ Information on materials<\/h4>\n<p>More information on the materials used and their origins on the dedicated page: <a href=\"https:\/\/kinogear.kinolios.com\/en\/provenance-des-materiaux\/\">Provenance of the materials<\/a><\/p>\n<\/div>\n<\/div>\n<\/div>\n<\/div>\n<\/div>\n<\/div>\n<\/div>\n<div class=\"row\">\n<div class=\"col-lg-12 col-md-12 col-xs-12 col-sm-12\">\n<h3 class=\"\"><strong>Inventory and customization<\/strong><\/h3>\n<p class=\"\">More information on our inventory management in our <a href=\"https:\/\/kinogear.kinolios.com\/en\/foire-aux-questions\/#Gestion_des_stocks\">F.A.Q.<\/a><\/p>\n<h4 class=\"\"><strong>Customization<\/strong><\/h4>\n<p class=\"translation-block\">Do you have specific needs or want a modified version of this product? Do not hesitate to contact us through our <a href=\"https:\/\/kinogear.kinolios.com\/en\/contact\/\" target=\"_self\">contact form<\/a> or through social networks. We adapt easily and can personalize each request.<\/p>\n<\/div>\n<\/div>\n<\/div>\n<\/div>","protected":false},"excerpt":{"rendered":"<p>Insert zip avec fermeture \u00e9clair pour poche kangourou Caract\u00e9ristiques Fermeture YKK 8C avec double curseurs et cordons silencieux La fermeture descends sur les c\u00f4t\u00e9s pour une ouverture maximale. Attache par velcro crochet sur poche compatible avec velcro boucle (type poche kangourou, placard) Hauteur r\u00e9glable: l&rsquo;insert peut soit \u00eatre install\u00e9 \u00e0 fleur de la poche kangourou [&hellip;]<\/p>\n","protected":false},"featured_media":4255,"comment_status":"open","ping_status":"closed","template":"","meta":[],"product_brand":[],"product_cat":[100],"product_tag":[],"class_list":{"0":"post-3028","1":"product","2":"type-product","3":"status-publish","4":"has-post-thumbnail","6":"product_cat-accessoires-poches-poches","7":"product_shipping_class-expedition-standard-2","9":"first","10":"onbackorder","11":"shipping-taxable","12":"purchasable","13":"product-type-variable","14":"add-to-wishlist-after_add_to_cart"},"_links":{"self":[{"href":"https:\/\/kinogear.kinolios.com\/en\/wp-json\/wp\/v2\/product\/3028","targetHints":{"allow":["GET"]}}],"collection":[{"href":"https:\/\/kinogear.kinolios.com\/en\/wp-json\/wp\/v2\/product"}],"about":[{"href":"https:\/\/kinogear.kinolios.com\/en\/wp-json\/wp\/v2\/types\/product"}],"replies":[{"embeddable":true,"href":"https:\/\/kinogear.kinolios.com\/en\/wp-json\/wp\/v2\/comments?post=3028"}],"wp:featuredmedia":[{"embeddable":true,"href":"https:\/\/kinogear.kinolios.com\/en\/wp-json\/wp\/v2\/media\/4255"}],"wp:attachment":[{"href":"https:\/\/kinogear.kinolios.com\/en\/wp-json\/wp\/v2\/media?parent=3028"}],"wp:term":[{"taxonomy":"product_brand","embeddable":true,"href":"https:\/\/kinogear.kinolios.com\/en\/wp-json\/wp\/v2\/product_brand?post=3028"},{"taxonomy":"product_cat","embeddable":true,"href":"https:\/\/kinogear.kinolios.com\/en\/wp-json\/wp\/v2\/product_cat?post=3028"},{"taxonomy":"product_tag","embeddable":true,"href":"https:\/\/kinogear.kinolios.com\/en\/wp-json\/wp\/v2\/product_tag?post=3028"}],"curies":[{"name":"wp","href":"https:\/\/api.w.org\/{rel}","templated":true}]}}