{"id":2841,"date":"2025-03-01T10:52:01","date_gmt":"2025-03-01T09:52:01","guid":{"rendered":"https:\/\/kinogear.kinolios.com\/?post_type=product&#038;p=2841"},"modified":"2025-03-16T11:38:44","modified_gmt":"2025-03-16T10:38:44","slug":"sacoche-iridium-mod-a-mil","status":"publish","type":"product","link":"https:\/\/kinogear.kinolios.com\/en\/product\/sacoche-iridium-mod-a-mil\/","title":{"rendered":"Iridium Pack Mod.A MIL"},"content":{"rendered":"<div class=\"boldgrid-section\">\n<div class=\"container\">\n<div class=\"row\">\n<div class=\"col-lg-12 col-md-12 col-xs-12 col-sm-12\">\n<p class=\"\">The Iridium Pack is the first pack developed by Kinogear. Completely modular, it can be used as a shoulder bag in an urban context or transformed into a chest rig for more intense uses.<\/p>\n<p class=\"\">This Mil-spec version covers the zippers for better resistance to abrasion, the elements and reduced infrared signature<\/p>\n<\/div>\n<\/div>\n<\/div>\n<\/div>\n<div class=\"boldgrid-section\">\n<div class=\"container\">\n<div class=\"row\">\n<div class=\"col-lg-12 col-md-12 col-xs-12 col-sm-12\">\n<div class=\"\">\n<h3 class=\"\"><strong>Features<\/strong><\/h3>\n<p class=\"\">The pack is made of 500D Cordura with a YKK 8C zipper around the entire perimeter, allowing full opening and easy access to the contents. A cord with plastic cord lock allows you to adjust the degree of opening. Excess paracord can be stored in the internal pocket.<\/p>\n<p class=\"\">The pack is supplied with a shoulder strap, with two plastic buckles for regulation and attached to the bag by two webbing toggles. Two elastic webbing keepers hold the excess strapage.<br \/>\n<span style=\"text-decoration: underline;\">Additional straps for use as a hip pack or chest rig must be ordered separately on the product page of <a href=\"https:\/\/kinogear.kinolios.com\/en\/product\/sangles-pour-sacoches\/\">Pack straps<\/a><\/span><\/p>\n<p class=\"\">On the front, exterior front pocket with YKK 8C closure and two sliders with silent cords<br \/>\nTwo MOLLE rows for adding additional pouches or attaching elements to the front<br \/>\n150 x 75 mm velcro area for patches or identification<\/p>\n<p class=\"\">Below, 4 MOLLE rows and 2 webbing loops for attaching pouches or compatible MOLLE accessories. Can also be used to attach carabiners or braid elastic rope for more attachment options.<br \/>\nWater drainage grommet<\/p>\n<p class=\"\">On the inside front, 100mm Velcro strip for adding Velcro inserts and attach things<\/p>\n<p class=\"\">At the bottom, 4 25mm loops for adding separators or as anchor points.<\/p>\n<p class=\"\">On the inside back, pocket with YKK 5C closure and autolock slider with cord pull.<br \/>\n25mm and 50mm elastic webbing strips with secure pocket bottom to organize and store tools and personal effects. The secure pocket bottom allows optimal retention even if the objects are too small for the elastics.<br \/>\nParacord with cord lock to set how much the pack should open, it is removable and replaceable.<\/p>\n<p class=\"\">At the rear, 3 MOLLE rows for attaching accessories or the pack to a compatible MOLLE surface, such as a belt.<\/p>\n<p class=\"\">The seams are doubled and reinforced at the stress points. The interior seams are covered with bias tape for optimal endurance.<\/p>\n<p class=\"\">On the edges, 6 square rings compatible with 25mm straps and our webbing toggle attachment system.<br \/>\nThis way, the pack can be quickly configured as a shoulder bag, hip bag or chest rig with hip strap.<br \/>\nThe webbing toggle attachment system is extremely tough, quick to install and allows a reduced footprint on the bag.<\/p>\n<\/div>\n<\/div>\n<\/div>\n<\/div>\n<\/div>\n<div class=\"boldgrid-section\">\n<div class=\"container\">\n<div class=\"row\" style=\"padding-top: 0px; padding-bottom: 0px;\">\n<div class=\"col-lg-1 col-md-12 col-sm-12 col-xs-12\"><\/div>\n<div class=\"col-lg-10 col-md-12 col-xs-12 col-sm-12\">\n<div class=\"\" style=\"--darkreader-inline-bgcolor: #141616;\">\n<p class=\"\" style=\"border-radius: 16px;\"><a href=\"https:\/\/kinogear.kinolios.com\/wp-content\/uploads\/2024\/07\/KINOLIOS_Kinogear_SacocheIridium_PhotosProduitPortageSacoche-Montage.jpg\" target=\"_blank\" rel=\"noopener\"><img loading=\"lazy\" decoding=\"async\" class=\"aligncenter wp-image-2082 size-large\" src=\"https:\/\/kinogear.kinolios.com\/wp-content\/uploads\/2024\/07\/KINOLIOS_Kinogear_SacocheIridium_PhotosProduitPortageSacoche-Montage-1024x1024.jpg\" alt=\"\" width=\"1024\" height=\"1024\" srcset=\"https:\/\/kinogear.kinolios.com\/wp-content\/uploads\/2024\/07\/KINOLIOS_Kinogear_SacocheIridium_PhotosProduitPortageSacoche-Montage-1024x1024.jpg 1024w, https:\/\/kinogear.kinolios.com\/wp-content\/uploads\/2024\/07\/KINOLIOS_Kinogear_SacocheIridium_PhotosProduitPortageSacoche-Montage-300x300.jpg 300w, https:\/\/kinogear.kinolios.com\/wp-content\/uploads\/2024\/07\/KINOLIOS_Kinogear_SacocheIridium_PhotosProduitPortageSacoche-Montage-150x150.jpg 150w, https:\/\/kinogear.kinolios.com\/wp-content\/uploads\/2024\/07\/KINOLIOS_Kinogear_SacocheIridium_PhotosProduitPortageSacoche-Montage-768x768.jpg 768w, https:\/\/kinogear.kinolios.com\/wp-content\/uploads\/2024\/07\/KINOLIOS_Kinogear_SacocheIridium_PhotosProduitPortageSacoche-Montage-324x324.jpg 324w, https:\/\/kinogear.kinolios.com\/wp-content\/uploads\/2024\/07\/KINOLIOS_Kinogear_SacocheIridium_PhotosProduitPortageSacoche-Montage-416x416.jpg 416w, https:\/\/kinogear.kinolios.com\/wp-content\/uploads\/2024\/07\/KINOLIOS_Kinogear_SacocheIridium_PhotosProduitPortageSacoche-Montage-100x100.jpg 100w, https:\/\/kinogear.kinolios.com\/wp-content\/uploads\/2024\/07\/KINOLIOS_Kinogear_SacocheIridium_PhotosProduitPortageSacoche-Montage.jpg 1920w\" sizes=\"auto, (max-width: 1024px) 100vw, 1024px\" \/><\/a><\/p>\n<\/div>\n<\/div>\n<div class=\"col-lg-1 col-md-12 col-sm-12 col-xs-12\"><\/div>\n<\/div>\n<\/div>\n<\/div>\n<div class=\"boldgrid-section\">\n<div class=\"container\">\n<div class=\"row\">\n<div class=\"col-lg-12 col-md-12 col-xs-12 col-sm-12\">\n<div class=\"\">\n<h3 class=\"\"><strong>Size information<\/strong><\/h3>\n<p class=\"\">Size: 24 x 19 x 8cms \u2013 Weight Pack only: 260g \u2013 Pack with strap: 335g<\/p>\n<h4 class=\"\">Origin \/ Information on materials<\/h4>\n<p>More information on the materials used and their origins on the dedicated page: <a href=\"https:\/\/kinogear.kinolios.com\/en\/provenance-des-materiaux\/\">Provenance of the materials<\/a><\/p>\n<p class=\"\">&nbsp;<\/p>\n<\/div>\n<\/div>\n<\/div>\n<\/div>\n<\/div>\n<div class=\"boldgrid-section\">\n<div class=\"container\">\n<div class=\"row\">\n<div class=\"col-lg-12 col-md-12 col-xs-12 col-sm-12\">\n<div class=\"\">\n<h3 class=\"\"><strong>Instructions<\/strong><\/h3>\n<p class=\"\">To install the strap:<br \/>\n\u2013 Hold the square ring between your fingers and present the webbing toggle laid flat.<br \/>\n\u2013 Start inserting it into the square ring<br \/>\n\u2013 Pull on the other side to pass the toggle completely through the ring<br \/>\n\u2013 Check that the edge of the toggle rests on top of the side of the ring<\/p>\n<p class=\"\">To remove the strap:<br \/>\n\u2013 Hold the square ring and press the webbing toggle to insert the rim into the opening of the ring<br \/>\n\u2013 Check that the toggle stays flat and doesn't bunch up on the ring. Pull the toggle through the ring to detach it<\/p>\n<\/div>\n<\/div>\n<\/div>\n<\/div>\n<\/div>\n<div class=\"boldgrid-section\">\n<div class=\"container\">\n<div class=\"row\" style=\"padding-top: 0px; padding-bottom: 0px;\">\n<div class=\"col-lg-1 col-md-12 col-sm-12 col-xs-12\"><\/div>\n<div class=\"col-lg-10 col-md-12 col-xs-12 col-sm-12\">\n<div class=\"\" style=\"--darkreader-inline-bgcolor: #141616;\">\n<p class=\"\" style=\"border-radius: 16px;\"><a href=\"https:\/\/kinogear.kinolios.com\/wp-content\/uploads\/2024\/07\/KINOLIOS_Kinogear_SacocheIridium_PhotosProduit_InstructionsAttachesWebbingMontage.jpg\" target=\"_blank\" rel=\"noopener\"><img loading=\"lazy\" decoding=\"async\" class=\"aligncenter wp-image-2076 size-large\" src=\"https:\/\/kinogear.kinolios.com\/wp-content\/uploads\/2024\/07\/KINOLIOS_Kinogear_SacocheIridium_PhotosProduit_InstructionsAttachesWebbingMontage-1024x1024.jpg\" alt=\"\" width=\"1024\" height=\"1024\" srcset=\"https:\/\/kinogear.kinolios.com\/wp-content\/uploads\/2024\/07\/KINOLIOS_Kinogear_SacocheIridium_PhotosProduit_InstructionsAttachesWebbingMontage-1024x1024.jpg 1024w, https:\/\/kinogear.kinolios.com\/wp-content\/uploads\/2024\/07\/KINOLIOS_Kinogear_SacocheIridium_PhotosProduit_InstructionsAttachesWebbingMontage-300x300.jpg 300w, https:\/\/kinogear.kinolios.com\/wp-content\/uploads\/2024\/07\/KINOLIOS_Kinogear_SacocheIridium_PhotosProduit_InstructionsAttachesWebbingMontage-150x150.jpg 150w, https:\/\/kinogear.kinolios.com\/wp-content\/uploads\/2024\/07\/KINOLIOS_Kinogear_SacocheIridium_PhotosProduit_InstructionsAttachesWebbingMontage-768x768.jpg 768w, https:\/\/kinogear.kinolios.com\/wp-content\/uploads\/2024\/07\/KINOLIOS_Kinogear_SacocheIridium_PhotosProduit_InstructionsAttachesWebbingMontage-324x324.jpg 324w, https:\/\/kinogear.kinolios.com\/wp-content\/uploads\/2024\/07\/KINOLIOS_Kinogear_SacocheIridium_PhotosProduit_InstructionsAttachesWebbingMontage-416x416.jpg 416w, https:\/\/kinogear.kinolios.com\/wp-content\/uploads\/2024\/07\/KINOLIOS_Kinogear_SacocheIridium_PhotosProduit_InstructionsAttachesWebbingMontage-100x100.jpg 100w, https:\/\/kinogear.kinolios.com\/wp-content\/uploads\/2024\/07\/KINOLIOS_Kinogear_SacocheIridium_PhotosProduit_InstructionsAttachesWebbingMontage.jpg 1920w\" sizes=\"auto, (max-width: 1024px) 100vw, 1024px\" \/><\/a><\/p>\n<\/div>\n<\/div>\n<div class=\"col-lg-1 col-md-12 col-sm-12 col-xs-12\"><\/div>\n<\/div>\n<\/div>\n<\/div>\n<div class=\"boldgrid-section\">\n<div class=\"container\">\n<div class=\"row\" style=\"padding-top: 0px; padding-bottom: 0px;\">\n<div class=\"col-lg-12 col-md-12 col-xs-12 col-sm-12\">\n<h3 class=\"\"><strong>Inventory and customization<\/strong><\/h3>\n<p class=\"\">More information on our inventory management in our <a href=\"https:\/\/kinogear.kinolios.com\/en\/foire-aux-questions\/#Gestion_des_stocks\">F.A.Q.<\/a><\/p>\n<h4 class=\"\"><strong>Customization<\/strong><\/h4>\n<p class=\"translation-block\">Do you have specific needs or want a modified version of this product? Do not hesitate to contact us through our <a href=\"https:\/\/kinogear.kinolios.com\/en\/contact\/\" target=\"_self\">contact form<\/a> or through social networks. We adapt easily and can personalize each request.<\/p>\n<\/div>\n<\/div>\n<\/div>\n<\/div>","protected":false},"excerpt":{"rendered":"<p>La sacoche Iridium est la premi\u00e8re sacoche d\u00e9velopp\u00e9e par Kinogear. Modulaire, elle peut autant servir de sacoche d&rsquo;\u00e9paule dans un contexte urbain qu&rsquo;\u00eatre transform\u00e9e en plateforme de poitrine pour les utilisations plus intenses. Cette version Mil-spec couvre les fermetures \u00e9clairs pour une meilleure r\u00e9sistance \u00e0 l\u2019abrasion, aux \u00e9l\u00e9ments ainsi qu\u2019une r\u00e9duction de la signature infrarouge [&hellip;]<\/p>\n","protected":false},"featured_media":2483,"comment_status":"open","ping_status":"closed","template":"","meta":[],"product_brand":[],"product_cat":[63,96],"product_tag":[],"class_list":{"0":"post-2841","1":"product","2":"type-product","3":"status-publish","4":"has-post-thumbnail","6":"product_cat-sacs-et-sacoches","7":"product_cat-sacs-et-sacoches-tactiques","8":"product_shipping_class-expedition-standard-2","10":"first","11":"instock","12":"shipping-taxable","13":"purchasable","14":"product-type-variable","15":"has-default-attributes","16":"add-to-wishlist-after_add_to_cart"},"_links":{"self":[{"href":"https:\/\/kinogear.kinolios.com\/en\/wp-json\/wp\/v2\/product\/2841","targetHints":{"allow":["GET"]}}],"collection":[{"href":"https:\/\/kinogear.kinolios.com\/en\/wp-json\/wp\/v2\/product"}],"about":[{"href":"https:\/\/kinogear.kinolios.com\/en\/wp-json\/wp\/v2\/types\/product"}],"replies":[{"embeddable":true,"href":"https:\/\/kinogear.kinolios.com\/en\/wp-json\/wp\/v2\/comments?post=2841"}],"wp:featuredmedia":[{"embeddable":true,"href":"https:\/\/kinogear.kinolios.com\/en\/wp-json\/wp\/v2\/media\/2483"}],"wp:attachment":[{"href":"https:\/\/kinogear.kinolios.com\/en\/wp-json\/wp\/v2\/media?parent=2841"}],"wp:term":[{"taxonomy":"product_brand","embeddable":true,"href":"https:\/\/kinogear.kinolios.com\/en\/wp-json\/wp\/v2\/product_brand?post=2841"},{"taxonomy":"product_cat","embeddable":true,"href":"https:\/\/kinogear.kinolios.com\/en\/wp-json\/wp\/v2\/product_cat?post=2841"},{"taxonomy":"product_tag","embeddable":true,"href":"https:\/\/kinogear.kinolios.com\/en\/wp-json\/wp\/v2\/product_tag?post=2841"}],"curies":[{"name":"wp","href":"https:\/\/api.w.org\/{rel}","templated":true}]}}