{"id":2756,"date":"2025-03-01T09:49:07","date_gmt":"2025-03-01T08:49:07","guid":{"rendered":"https:\/\/kinogear.kinolios.com\/?post_type=product&#038;p=2756"},"modified":"2025-03-16T11:38:42","modified_gmt":"2025-03-16T10:38:42","slug":"poche-multicalibre-rapide","status":"publish","type":"product","link":"https:\/\/kinogear.kinolios.com\/en\/product\/poche-multicalibre-rapide\/","title":{"rendered":"Multicaliber Fast Mag Pouch"},"content":{"rendered":"<div class=\"boldgrid-section\">\n<div class=\"container\">\n<div class=\"row\">\n<div class=\"col-lg-12 col-md-12 col-xs-12 col-sm-12\">\n<div class=\"boldgrid-section\">\n<div class=\"container\">\n<div class=\"row\">\n<div class=\"col-lg-12 col-md-12 col-xs-12 col-sm-12\">\n<div>\n<div class=\"row\">\n<div class=\"col-lg-12 col-md-12 col-xs-12 col-sm-12\">\n<div>\n<div class=\"boldgrid-section\">\n<div class=\"container\">\n<div class=\"row\">\n<div class=\"col-lg-12 col-md-12 col-xs-12 col-sm-12\">\n<div>\n<p class=\"\">A mil-spec multi-caliber magazine pouch<\/p>\n<\/div>\n<\/div>\n<\/div>\n<\/div>\n<\/div>\n<div class=\"boldgrid-section\">\n<div class=\"container\">\n<div class=\"row\">\n<div class=\"col-lg-12 col-md-12 col-xs-12 col-sm-12\">\n<div class=\"\">\n<h3 class=\"\"><strong>Features<\/strong><\/h3>\n<p class=\"\">Mil-spec 500D Cordura pouch<\/p>\n<p>Strong main retention through a combination of an internal hypalon liner, hard and soft inserts and adjustable elastic cord.<br \/>\nRetention is most important on the sides of the magazine.<\/p>\n<p>The elastic cord is replaceable if worn out, as are the reinforced sides with 20mm webbing and HDPE plate<\/p>\n<p>If additional retention is needed, a bungee cord can be installed with a tri-tab to secure the magazine<\/p>\n<p>IRR treated fabrics and webbing<\/p>\n<p>Rear with MOLLE loops, compatible with Malice clips\/WTFix Straps or our own MOLLE Straps:<br \/>\nBy choosing the MOLLE Straps option: Yes X2, the pouch will be supplied with 2 MOLLE M-5 straps, otherwise you will need your own attachment system.<br \/>\nMore information on our MOLLE Straps on their product page: <a href=\"https:\/\/kinogear.kinolios.com\/en\/product\/attache-molle\/\">MOLLE Strap<\/a><\/p>\n<p>&nbsp;<\/p>\n<\/div>\n<\/div>\n<\/div>\n<\/div>\n<\/div>\n<\/div>\n<\/div>\n<\/div>\n<div class=\"row\">\n<div class=\"col-lg-12 col-md-12 col-xs-12 col-sm-12\">\n<div class=\"boldgrid-section\">\n<div class=\"container\">\n<div class=\"row\">\n<div class=\"col-lg-12 col-md-12 col-xs-12 col-sm-12\">\n<div class=\"\">\n<h3 class=\"\"><strong>Size information<\/strong><\/h3>\n<p class=\"\">Size: H13 x L8 x D3.5cms \u2013 Weight Pouch alone: \u200b\u200b82g \/ Pouch with two MOLLE Straps M \u2013 5: 98g<\/p>\n<h4>Origin \/ Information on materials<\/h4>\n<p>More information on the materials used and their origins on the dedicated page: <a href=\"https:\/\/kinogear.kinolios.com\/en\/provenance-des-materiaux\/\">Provenance of the materials<\/a><\/p>\n<h3 class=\"\"><strong>Inventory and customization<\/strong><\/h3>\n<p class=\"\">More information on our inventory management in our <a href=\"https:\/\/kinogear.kinolios.com\/en\/foire-aux-questions\/#Gestion_des_stocks\">F.A.Q.<\/a><\/p>\n<h4 class=\"\"><strong>Customization<\/strong><\/h4>\n<p class=\"translation-block\">Do you have specific needs or want a modified version of this product? Do not hesitate to contact us through our <a href=\"https:\/\/kinogear.kinolios.com\/en\/contact\/\" target=\"_self\">contact form<\/a> or through social networks. We adapt easily and can personalize each request.<\/p>\n<\/div>\n<\/div>\n<\/div>\n<\/div>\n<\/div>\n<\/div>\n<\/div>\n<\/div>\n<\/div>\n<\/div>\n<\/div>\n<\/div>\n<\/div>\n<\/div>\n<\/div>\n<\/div>","protected":false},"excerpt":{"rendered":"<p>Une poche porte-chargeurs multicalibre mil-spec Caract\u00e9ristiques Poche en Cordura 500D mil-spec R\u00e9tention principale puissante par une combinaison d&rsquo;un rev\u00eatement interne en hypalon, inserts et cordon \u00e9lastique ajustable. La r\u00e9tention se fait principalement sur les flancs du chargeur. Le cordon \u00e9lastique est remplaceable si us\u00e9, tout comme le bord renforc\u00e9 en sangle 20mm avec plaque PEHD [&hellip;]<\/p>\n","protected":false},"featured_media":2874,"comment_status":"open","ping_status":"closed","template":"","meta":[],"product_brand":[],"product_cat":[90],"product_tag":[],"class_list":{"0":"post-2756","1":"product","2":"type-product","3":"status-publish","4":"has-post-thumbnail","6":"product_cat-poches","7":"product_shipping_class-expedition-standard-2","9":"first","10":"instock","11":"shipping-taxable","12":"purchasable","13":"product-type-variable","14":"add-to-wishlist-after_add_to_cart"},"_links":{"self":[{"href":"https:\/\/kinogear.kinolios.com\/en\/wp-json\/wp\/v2\/product\/2756","targetHints":{"allow":["GET"]}}],"collection":[{"href":"https:\/\/kinogear.kinolios.com\/en\/wp-json\/wp\/v2\/product"}],"about":[{"href":"https:\/\/kinogear.kinolios.com\/en\/wp-json\/wp\/v2\/types\/product"}],"replies":[{"embeddable":true,"href":"https:\/\/kinogear.kinolios.com\/en\/wp-json\/wp\/v2\/comments?post=2756"}],"wp:featuredmedia":[{"embeddable":true,"href":"https:\/\/kinogear.kinolios.com\/en\/wp-json\/wp\/v2\/media\/2874"}],"wp:attachment":[{"href":"https:\/\/kinogear.kinolios.com\/en\/wp-json\/wp\/v2\/media?parent=2756"}],"wp:term":[{"taxonomy":"product_brand","embeddable":true,"href":"https:\/\/kinogear.kinolios.com\/en\/wp-json\/wp\/v2\/product_brand?post=2756"},{"taxonomy":"product_cat","embeddable":true,"href":"https:\/\/kinogear.kinolios.com\/en\/wp-json\/wp\/v2\/product_cat?post=2756"},{"taxonomy":"product_tag","embeddable":true,"href":"https:\/\/kinogear.kinolios.com\/en\/wp-json\/wp\/v2\/product_tag?post=2756"}],"curies":[{"name":"wp","href":"https:\/\/api.w.org\/{rel}","templated":true}]}}