{"id":2722,"date":"2025-03-01T09:48:28","date_gmt":"2025-03-01T08:48:28","guid":{"rendered":"https:\/\/kinogear.kinolios.com\/?post_type=product&#038;p=2722"},"modified":"2025-03-16T11:38:45","modified_gmt":"2025-03-16T10:38:45","slug":"attache-molle","status":"publish","type":"product","link":"https:\/\/kinogear.kinolios.com\/en\/product\/attache-molle\/","title":{"rendered":"MOLLE Strap"},"content":{"rendered":"<div class=\"boldgrid-section\">\n<div class=\"container\">\n<div class=\"row\">\n<div class=\"col-lg-12 col-md-12 col-xs-12 col-sm-12\">\n<p class=\"\">Des attaches MOLLE compatibles avec poches ou \u00e9quipements acceptant les Malice Clips ou WTFix Straps.<\/p>\n<p class=\"\">Compatible avec tous nos designs pour lesquels les attaches MOLLE ne sont pas int\u00e9gr\u00e9es<\/p>\n<\/div>\n<\/div>\n<\/div>\n<\/div>\n<div class=\"boldgrid-section\">\n<div class=\"container\">\n<div class=\"row\" style=\"padding-top: 0px; padding-bottom: 75px;\">\n<div class=\"col-lg-12 col-md-12 col-xs-12 col-sm-12\">\n<h3 class=\"\"><strong>Features<\/strong><\/h3>\n<p class=\"\">Design l\u00e9ger en sangle milspec avec renforts en plaque HDPE, r\u00e9sistants \u00e0 l&rsquo;usure, la flexion et aux temp\u00e9ratures extr\u00eames<\/p>\n<p class=\"\">L&rsquo;extr\u00e9mit\u00e9 libre de l&rsquo;attache permet un assemblage plus facile des poches, tout en servant de point de pr\u00e9hension pour une extraction rapide et ais\u00e9e des attaches.<\/p>\n<h3 class=\"\"><strong>Size information<\/strong><\/h3>\n<p class=\"\">Disponible en 3 tailles: S &#8211; 3 (3 lignes MOLLE), M &#8211; 5 (5 lignes MOLLE), L &#8211; 7 (7 lignes MOLLE).<br \/>\nDes tailles sur-mesure peuvent \u00eatre r\u00e9alis\u00e9es, n&rsquo;h\u00e9sitez pas \u00e0 nous contacter<\/p>\n<p class=\"\">Poids: Taille S: 7,5g &#8211; Taille M: 8,5g &#8211; Taille L: 9,5g<\/p>\n<h3 class=\"\"><strong>Instructions<\/strong><\/h3>\n<div><\/div>\n<p class=\"\">&nbsp;<\/p>\n<\/div>\n<\/div>\n<\/div>\n<\/div>","protected":false},"excerpt":{"rendered":"<p>Des attaches MOLLE compatibles avec poches ou \u00e9quipements acceptant les Malice Clips ou WTFix Straps. Compatible avec tous nos designs pour lesquels les attaches MOLLE ne sont pas int\u00e9gr\u00e9es Caract\u00e9ristiques Design l\u00e9ger en sangle milspec avec renforts en plaque HDPE, r\u00e9sistants \u00e0 l&rsquo;usure, la flexion et aux temp\u00e9ratures extr\u00eames L&rsquo;extr\u00e9mit\u00e9 libre de l&rsquo;attache permet un [&hellip;]<\/p>\n","protected":false},"featured_media":2868,"comment_status":"open","ping_status":"closed","template":"","meta":[],"product_brand":[],"product_cat":[56,95],"product_tag":[],"class_list":{"0":"post-2722","1":"product","2":"type-product","3":"status-publish","4":"has-post-thumbnail","6":"product_cat-sangles-et-webbing","7":"product_cat-sangles-et-webbing-tactiques","8":"product_shipping_class-expedition-standard-2","10":"first","11":"instock","12":"shipping-taxable","13":"purchasable","14":"product-type-variable","15":"has-default-attributes","16":"add-to-wishlist-after_add_to_cart"},"_links":{"self":[{"href":"https:\/\/kinogear.kinolios.com\/en\/wp-json\/wp\/v2\/product\/2722","targetHints":{"allow":["GET"]}}],"collection":[{"href":"https:\/\/kinogear.kinolios.com\/en\/wp-json\/wp\/v2\/product"}],"about":[{"href":"https:\/\/kinogear.kinolios.com\/en\/wp-json\/wp\/v2\/types\/product"}],"replies":[{"embeddable":true,"href":"https:\/\/kinogear.kinolios.com\/en\/wp-json\/wp\/v2\/comments?post=2722"}],"wp:featuredmedia":[{"embeddable":true,"href":"https:\/\/kinogear.kinolios.com\/en\/wp-json\/wp\/v2\/media\/2868"}],"wp:attachment":[{"href":"https:\/\/kinogear.kinolios.com\/en\/wp-json\/wp\/v2\/media?parent=2722"}],"wp:term":[{"taxonomy":"product_brand","embeddable":true,"href":"https:\/\/kinogear.kinolios.com\/en\/wp-json\/wp\/v2\/product_brand?post=2722"},{"taxonomy":"product_cat","embeddable":true,"href":"https:\/\/kinogear.kinolios.com\/en\/wp-json\/wp\/v2\/product_cat?post=2722"},{"taxonomy":"product_tag","embeddable":true,"href":"https:\/\/kinogear.kinolios.com\/en\/wp-json\/wp\/v2\/product_tag?post=2722"}],"curies":[{"name":"wp","href":"https:\/\/api.w.org\/{rel}","templated":true}]}}