{"id":2667,"date":"2025-02-23T15:22:02","date_gmt":"2025-02-23T14:22:02","guid":{"rendered":"https:\/\/kinogear.kinolios.com\/?post_type=product&#038;p=2667"},"modified":"2025-03-16T11:38:42","modified_gmt":"2025-03-16T10:38:42","slug":"poche-utilitaire-zip-frontal-s","status":"publish","type":"product","link":"https:\/\/kinogear.kinolios.com\/en\/product\/poche-utilitaire-zip-frontal-s\/","title":{"rendered":"Utility Pouch - Front Zip - S"},"content":{"rendered":"<div class=\"boldgrid-section\">\n<div class=\"container\">\n<div class=\"row\">\n<div class=\"col-lg-12 col-md-12 col-xs-12 col-sm-12\">\n<div class=\"boldgrid-section\">\n<div class=\"container\">\n<div class=\"row\">\n<div class=\"col-lg-12 col-md-12 col-xs-12 col-sm-12\">\n<div>\n<p class=\"\">A mil-spec utility pouch with front zip and loop covered interior surfaces for add-on inserts<\/p>\n<\/div>\n<\/div>\n<\/div>\n<\/div>\n<\/div>\n<div class=\"boldgrid-section\">\n<div class=\"container\">\n<div class=\"row\">\n<div class=\"col-lg-12 col-md-12 col-xs-12 col-sm-12\">\n<div class=\"\">\n<h3 class=\"\"><strong>Features<\/strong><\/h3>\n<p class=\"\">500D Cordura pouch with YKK 8C main zipper, double sliders and silent cords.<\/p>\n<p>Front pocket with YKK 8C zipper, single slider and silent cord.<\/p>\n<p>Covered zippers to reduce infrared signature<\/p>\n<p>IRR treated fabrics and webbing<\/p>\n<p>Rear with MOLLE loops, compatible with Malice clips\/WTFix Straps or our own MOLLE Straps:<br \/>\nBy choosing the MOLLE Straps option: Yes X2, the pouch will be supplied with 2 MOLLE M-5 straps, otherwise you will need your own attachment system.<br \/>\nMore information on our MOLLE Straps on their product page: <a href=\"https:\/\/kinogear.kinolios.com\/en\/product\/attache-molle\/\">MOLLE Strap<\/a><\/p>\n<p>Interior covered with loop for adding padded or organizational inserts<\/p>\n<p>Water drainage grommet at the bottom<\/p>\n<\/div>\n<\/div>\n<\/div>\n<div class=\"row\">\n<div class=\"col-lg-12 col-md-12 col-xs-12 col-sm-12\">\n<div><\/div>\n<\/div>\n<\/div>\n<\/div>\n<\/div>\n<\/div>\n<\/div>\n<div class=\"row\">\n<div class=\"col-lg-12 col-md-12 col-xs-12 col-sm-12\">\n<div class=\"boldgrid-section\">\n<div class=\"container\">\n<div class=\"row\">\n<div class=\"col-lg-12 col-md-12 col-xs-12 col-sm-12\">\n<div class=\"\">\n<h3 class=\"\"><strong>Size information<\/strong><\/h3>\n<p class=\"\">Size: H14.5 x L12 x D8cms \u2013 Weight Pouch alone: \u200b\u200b105g \u2013 Pouch with two MOLLE Straps M \u2013 5: 120g<\/p>\n<h4>Origin \/ Information on materials<\/h4>\n<p>More information on the materials used and their origins on the dedicated page: <a href=\"https:\/\/kinogear.kinolios.com\/en\/provenance-des-materiaux\/\">Provenance of the materials<\/a><\/p>\n<h3 class=\"\"><strong>Inventory and customization<\/strong><\/h3>\n<p class=\"\">More information on our inventory management in our <a href=\"https:\/\/kinogear.kinolios.com\/en\/foire-aux-questions\/#Gestion_des_stocks\">F.A.Q.<\/a><\/p>\n<h4 class=\"\"><strong>Customization<\/strong><\/h4>\n<p class=\"translation-block\">Do you have specific needs or want a modified version of this product? Do not hesitate to contact us through our <a href=\"https:\/\/kinogear.kinolios.com\/en\/contact\/\" target=\"_self\">contact form<\/a> or through social networks. We adapt easily and can personalize each request.<\/p>\n<\/div>\n<\/div>\n<\/div>\n<\/div>\n<\/div>\n<div class=\"boldgrid-section\">\n<div class=\"container\">\n<div class=\"row\">\n<div class=\"col-lg-12 col-md-12 col-xs-12 col-sm-12\"><\/div>\n<\/div>\n<\/div>\n<\/div>\n<\/div>\n<\/div>\n<\/div>\n<\/div>","protected":false},"excerpt":{"rendered":"<p>Une poche utilitaire mil-spec avec zip frontal et surfaces int\u00e9rieures avec rev\u00eatement Velcro pour inserts Caract\u00e9ristiques Poche en Cordura 500D avec fermeture \u00e9clair principale YKK 8C, double curseurs et cordelettes silencieuses. Poche frontale avec fermeture \u00e9clair YKK 8C, curseur et cordelette silencieuse. Fermetures \u00e9clairs couvertes pour r\u00e9duire la signature infrarouge Tissus et sangle trait\u00e9s IRR [&hellip;]<\/p>\n","protected":false},"featured_media":2873,"comment_status":"open","ping_status":"closed","template":"","meta":[],"product_brand":[],"product_cat":[90],"product_tag":[],"class_list":{"0":"post-2667","1":"product","2":"type-product","3":"status-publish","4":"has-post-thumbnail","6":"product_cat-poches","7":"product_shipping_class-expedition-standard-2","9":"first","10":"instock","11":"shipping-taxable","12":"purchasable","13":"product-type-variable","14":"add-to-wishlist-after_add_to_cart"},"_links":{"self":[{"href":"https:\/\/kinogear.kinolios.com\/en\/wp-json\/wp\/v2\/product\/2667","targetHints":{"allow":["GET"]}}],"collection":[{"href":"https:\/\/kinogear.kinolios.com\/en\/wp-json\/wp\/v2\/product"}],"about":[{"href":"https:\/\/kinogear.kinolios.com\/en\/wp-json\/wp\/v2\/types\/product"}],"replies":[{"embeddable":true,"href":"https:\/\/kinogear.kinolios.com\/en\/wp-json\/wp\/v2\/comments?post=2667"}],"wp:featuredmedia":[{"embeddable":true,"href":"https:\/\/kinogear.kinolios.com\/en\/wp-json\/wp\/v2\/media\/2873"}],"wp:attachment":[{"href":"https:\/\/kinogear.kinolios.com\/en\/wp-json\/wp\/v2\/media?parent=2667"}],"wp:term":[{"taxonomy":"product_brand","embeddable":true,"href":"https:\/\/kinogear.kinolios.com\/en\/wp-json\/wp\/v2\/product_brand?post=2667"},{"taxonomy":"product_cat","embeddable":true,"href":"https:\/\/kinogear.kinolios.com\/en\/wp-json\/wp\/v2\/product_cat?post=2667"},{"taxonomy":"product_tag","embeddable":true,"href":"https:\/\/kinogear.kinolios.com\/en\/wp-json\/wp\/v2\/product_tag?post=2667"}],"curies":[{"name":"wp","href":"https:\/\/api.w.org\/{rel}","templated":true}]}}