{"id":2647,"date":"2025-02-23T00:26:04","date_gmt":"2025-02-22T23:26:04","guid":{"rendered":"https:\/\/kinogear.kinolios.com\/?post_type=product&#038;p=2647"},"modified":"2025-03-16T11:46:46","modified_gmt":"2025-03-16T10:46:46","slug":"poche-flap-360-double-chargeur-ar15","status":"publish","type":"product","link":"https:\/\/kinogear.kinolios.com\/en\/product\/poche-flap-360-double-chargeur-ar15\/","title":{"rendered":"2x AR15 Mag Pouch - Full Flap"},"content":{"rendered":"<div class=\"boldgrid-section\">\n<div class=\"container\">\n<div class=\"row\">\n<div class=\"col-lg-12 col-md-12 col-xs-12 col-sm-12\">\n<div class=\"boldgrid-section\">\n<div class=\"container\">\n<div class=\"row\">\n<div class=\"col-lg-12 col-md-12 col-xs-12 col-sm-12\">\n<div>\n<div class=\"row\">\n<div class=\"col-lg-12 col-md-12 col-xs-12 col-sm-12\">\n<div>\n<div class=\"boldgrid-section\">\n<div class=\"container\">\n<div class=\"row\">\n<div class=\"col-lg-12 col-md-12 col-xs-12 col-sm-12\">\n<div>\n<p class=\"\">A mil-spec magazine pouch for 2x 5.56 magazines with a full flap<\/p>\n<\/div>\n<\/div>\n<\/div>\n<\/div>\n<\/div>\n<div class=\"boldgrid-section\">\n<div class=\"container\">\n<div class=\"row\">\n<div class=\"col-lg-12 col-md-12 col-xs-12 col-sm-12\">\n<div class=\"\">\n<h3 class=\"\"><strong>Features<\/strong><\/h3>\n<p class=\"\">Mil-spec 500D Cordura pouch<\/p>\n<p>Covering flap for complete protection, with retention by plastic buckle plus hook and loop<br \/>\nThe hook fabric can be neutralized by a \u201csilencer\u201d sewn into the flap, allowing noise-free operation of the pocket<br \/>\nThe design of the tab and the placement of the plastic buckle allows one-handed use and allow a good grip even with gloves<\/p>\n<p>The pocket can carry 2 Stanag metal or P-mag 5.56 magazines<\/p>\n<p class=\"_ap3a _aaco _aacu _aacx _aad7 _aade\" dir=\"auto\">Additional retention thanks to an elastic cord with regulating buckle. The cord can also be easily replaced if worn out<\/p>\n<p>IRR treated fabrics and webbing<\/p>\n<p>Rear with MOLLE loops, compatible with Malice clips\/WTFix Straps or our own MOLLE Straps:<br \/>\nBy choosing the MOLLE Straps option: Yes X2, the pouch will be supplied with 2 MOLLE M-5 straps, otherwise you will need your own attachment system.<br \/>\nMore information on our MOLLE Straps on their product page: <a href=\"https:\/\/kinogear.kinolios.com\/en\/product\/attache-molle\/\">MOLLE Strap<\/a><\/p>\n<p>Bottom reinforced with a second layer of Cordura 500D<\/p>\n<p>Water drainage grommet at the bottom<\/p>\n<\/div>\n<\/div>\n<\/div>\n<div class=\"row\">\n<div class=\"col-lg-12 col-md-12 col-xs-12 col-sm-12\">\n<div><\/div>\n<\/div>\n<\/div>\n<\/div>\n<\/div>\n<\/div>\n<\/div>\n<\/div>\n<div class=\"row\">\n<div class=\"col-lg-12 col-md-12 col-xs-12 col-sm-12\">\n<div class=\"boldgrid-section\">\n<div class=\"container\">\n<div class=\"row\">\n<div class=\"col-lg-12 col-md-12 col-xs-12 col-sm-12\">\n<div class=\"\">\n<h3 class=\"\"><strong>Size information<\/strong><\/h3>\n<p class=\"\">Size: H19 x L8 x D5cms \u2013 Weight Pouch alone: \u200b\u200b80g \/ Pouch with two MOLLE Straps M \u2013 5: 98g<\/p>\n<h4>Origin \/ Information on materials<\/h4>\n<p>More information on the materials used and their origins on the dedicated page: <a href=\"https:\/\/kinogear.kinolios.com\/en\/provenance-des-materiaux\/\">Provenance of the materials<\/a><\/p>\n<h3 class=\"\"><strong>Inventory and customization<\/strong><\/h3>\n<p class=\"\">More information on our inventory management in our <a href=\"https:\/\/kinogear.kinolios.com\/en\/foire-aux-questions\/#Gestion_des_stocks\">F.A.Q.<\/a><\/p>\n<h4 class=\"\"><strong>Customization<\/strong><\/h4>\n<p class=\"translation-block\">Do you have specific needs or want a modified version of this product? Do not hesitate to contact us through our <a href=\"https:\/\/kinogear.kinolios.com\/en\/contact\/\" target=\"_self\">contact form<\/a> or through social networks. We adapt easily and can personalize each request.<\/p>\n<\/div>\n<\/div>\n<\/div>\n<\/div>\n<\/div>\n<\/div>\n<\/div>\n<\/div>\n<\/div>\n<\/div>\n<\/div>\n<\/div>\n<\/div>\n<\/div>\n<\/div>\n<\/div>","protected":false},"excerpt":{"rendered":"<p>Une poche porte-chargeurs pour 2 chargeurs 5.56 avec flap int\u00e9gral mil-spec Caract\u00e9ristiques Poche en Cordura 500D mil-spec Flap recouvrant pour une protection compl\u00e8te avec r\u00e9tention par boucle plastique plus Velcro Le Velcro peut \u00eatre neutralis\u00e9 par un \u00ab\u00a0silencieux\u00a0\u00bb cousu dans le flap, permettant une op\u00e9ration sans bruits de la poche Le design de la languette [&hellip;]<\/p>\n","protected":false},"featured_media":2644,"comment_status":"open","ping_status":"closed","template":"","meta":[],"product_brand":[],"product_cat":[90],"product_tag":[],"class_list":{"0":"post-2647","1":"product","2":"type-product","3":"status-publish","4":"has-post-thumbnail","6":"product_cat-poches","7":"product_shipping_class-expedition-standard-2","9":"first","10":"instock","11":"shipping-taxable","12":"purchasable","13":"product-type-variable","14":"add-to-wishlist-after_add_to_cart"},"_links":{"self":[{"href":"https:\/\/kinogear.kinolios.com\/en\/wp-json\/wp\/v2\/product\/2647","targetHints":{"allow":["GET"]}}],"collection":[{"href":"https:\/\/kinogear.kinolios.com\/en\/wp-json\/wp\/v2\/product"}],"about":[{"href":"https:\/\/kinogear.kinolios.com\/en\/wp-json\/wp\/v2\/types\/product"}],"replies":[{"embeddable":true,"href":"https:\/\/kinogear.kinolios.com\/en\/wp-json\/wp\/v2\/comments?post=2647"}],"wp:featuredmedia":[{"embeddable":true,"href":"https:\/\/kinogear.kinolios.com\/en\/wp-json\/wp\/v2\/media\/2644"}],"wp:attachment":[{"href":"https:\/\/kinogear.kinolios.com\/en\/wp-json\/wp\/v2\/media?parent=2647"}],"wp:term":[{"taxonomy":"product_brand","embeddable":true,"href":"https:\/\/kinogear.kinolios.com\/en\/wp-json\/wp\/v2\/product_brand?post=2647"},{"taxonomy":"product_cat","embeddable":true,"href":"https:\/\/kinogear.kinolios.com\/en\/wp-json\/wp\/v2\/product_cat?post=2647"},{"taxonomy":"product_tag","embeddable":true,"href":"https:\/\/kinogear.kinolios.com\/en\/wp-json\/wp\/v2\/product_tag?post=2647"}],"curies":[{"name":"wp","href":"https:\/\/api.w.org\/{rel}","templated":true}]}}