{"id":2646,"date":"2025-02-23T00:26:03","date_gmt":"2025-02-22T23:26:03","guid":{"rendered":"https:\/\/kinogear.kinolios.com\/?post_type=product&#038;p=2646"},"modified":"2025-03-16T11:38:41","modified_gmt":"2025-03-16T10:38:41","slug":"poche-flap-droit-double-chargeur-ar15","status":"publish","type":"product","link":"https:\/\/kinogear.kinolios.com\/en\/product\/poche-flap-droit-double-chargeur-ar15\/","title":{"rendered":"2x AR15 Mag Pouch - Straight Flap"},"content":{"rendered":"<div class=\"boldgrid-section\">\n<div class=\"container\">\n<div class=\"row\">\n<div class=\"col-lg-12 col-md-12 col-xs-12 col-sm-12\">\n<div class=\"row\">\n<div class=\"col-lg-12 col-md-12 col-xs-12 col-sm-12\">\n<div>\n<div class=\"boldgrid-section\">\n<div class=\"container\">\n<div class=\"row\">\n<div class=\"col-lg-12 col-md-12 col-xs-12 col-sm-12\">\n<div>\n<p class=\"\">A mil-spec magazine pouch for 2x 5.56 magazines with a straight flap<\/p>\n<\/div>\n<\/div>\n<\/div>\n<\/div>\n<\/div>\n<div class=\"boldgrid-section\">\n<div class=\"container\">\n<div class=\"row\">\n<div class=\"col-lg-12 col-md-12 col-xs-12 col-sm-12\">\n<div class=\"\">\n<h3 class=\"\"><strong>Features<\/strong><\/h3>\n<p class=\"\">Mil-spec 500D Cordura pouch<\/p>\n<p>Straight flap with hook and loop retention<\/p>\n<p>The pouch can carry 2 metal Stanag or P-mag 5.56 magazines, or 1 .308 magazine but the long flap with ample hook and loop closure allows great adjustability<\/p>\n<p class=\"_ap3a _aaco _aacu _aacx _aad7 _aade\" dir=\"auto\">Additional retention thanks to an elastic cord with regulating buckle. The cord can also be easily replaced if worn out<\/p>\n<p>IRR treated fabrics and webbing<\/p>\n<p>Rear with MOLLE loops, compatible with Malice clips\/WTFix Straps or our own MOLLE Straps:<br \/>\nBy choosing the MOLLE Straps option: Yes X2, the pouch will be supplied with 2 MOLLE M-5 straps, otherwise you will need your own attachment system.<br \/>\nMore information on our MOLLE Straps on their product page: <a href=\"https:\/\/kinogear.kinolios.com\/en\/product\/attache-molle\/\">MOLLE Strap<\/a><\/p>\n<p>Bottom reinforced with a second layer of Cordura 500D<\/p>\n<p>Water drainage grommet at the bottom<\/p>\n<\/div>\n<\/div>\n<\/div>\n<div class=\"row\">\n<div class=\"col-lg-12 col-md-12 col-xs-12 col-sm-12\">\n<div><\/div>\n<\/div>\n<\/div>\n<\/div>\n<\/div>\n<\/div>\n<\/div>\n<\/div>\n<div class=\"row\">\n<div class=\"col-lg-12 col-md-12 col-xs-12 col-sm-12\">\n<div class=\"boldgrid-section\">\n<div class=\"container\">\n<div class=\"row\">\n<div class=\"col-lg-12 col-md-12 col-xs-12 col-sm-12\">\n<div class=\"\">\n<h3 class=\"\"><strong>Size information<\/strong><\/h3>\n<p class=\"\">Size: H19 x L8 x D5cms \u2013 Weight Pouch alone: \u200b\u200b57g \/ Pouch with two MOLLE Straps M \u2013 5: 75g<\/p>\n<h4>Origin \/ Information on materials<\/h4>\n<p>More information on the materials used and their origins on the dedicated page: <a href=\"https:\/\/kinogear.kinolios.com\/en\/provenance-des-materiaux\/\">Provenance of the materials<\/a><\/p>\n<h3 class=\"\"><strong>Inventory and customization<\/strong><\/h3>\n<p class=\"\">More information on our inventory management in our <a href=\"https:\/\/kinogear.kinolios.com\/en\/foire-aux-questions\/#Gestion_des_stocks\">F.A.Q.<\/a><\/p>\n<h4 class=\"\"><strong>Customization<\/strong><\/h4>\n<p class=\"translation-block\">Do you have specific needs or want a modified version of this product? Do not hesitate to contact us through our <a href=\"https:\/\/kinogear.kinolios.com\/en\/contact\/\" target=\"_self\">contact form<\/a> or through social networks. We adapt easily and can personalize each request.<\/p>\n<\/div>\n<\/div>\n<\/div>\n<\/div>\n<\/div>\n<\/div>\n<\/div>\n<\/div>\n<\/div>\n<\/div>\n<\/div>","protected":false},"excerpt":{"rendered":"<p>Une poche porte-chargeurs pour 2 chargeurs 5.56 avec flap droit mil-spec Caract\u00e9ristiques Poche en Cordura 500D mil-spec Flap droit avec r\u00e9tention Velcro La poche peut transporter 2 chargeurs Stanag m\u00e9tal ou P-mag 5.56, ou 1 chargeur .308 mais le flap large avec fermeture velcro permet une grande ajustabilit\u00e9 R\u00e9tention suppl\u00e9mentaire gr\u00e2ce \u00e0 un cordon \u00e9lastique [&hellip;]<\/p>\n","protected":false},"featured_media":2385,"comment_status":"open","ping_status":"closed","template":"","meta":[],"product_brand":[],"product_cat":[90],"product_tag":[],"class_list":{"0":"post-2646","1":"product","2":"type-product","3":"status-publish","4":"has-post-thumbnail","6":"product_cat-poches","7":"product_shipping_class-expedition-standard-2","9":"first","10":"instock","11":"shipping-taxable","12":"purchasable","13":"product-type-variable","14":"add-to-wishlist-after_add_to_cart"},"_links":{"self":[{"href":"https:\/\/kinogear.kinolios.com\/en\/wp-json\/wp\/v2\/product\/2646","targetHints":{"allow":["GET"]}}],"collection":[{"href":"https:\/\/kinogear.kinolios.com\/en\/wp-json\/wp\/v2\/product"}],"about":[{"href":"https:\/\/kinogear.kinolios.com\/en\/wp-json\/wp\/v2\/types\/product"}],"replies":[{"embeddable":true,"href":"https:\/\/kinogear.kinolios.com\/en\/wp-json\/wp\/v2\/comments?post=2646"}],"wp:featuredmedia":[{"embeddable":true,"href":"https:\/\/kinogear.kinolios.com\/en\/wp-json\/wp\/v2\/media\/2385"}],"wp:attachment":[{"href":"https:\/\/kinogear.kinolios.com\/en\/wp-json\/wp\/v2\/media?parent=2646"}],"wp:term":[{"taxonomy":"product_brand","embeddable":true,"href":"https:\/\/kinogear.kinolios.com\/en\/wp-json\/wp\/v2\/product_brand?post=2646"},{"taxonomy":"product_cat","embeddable":true,"href":"https:\/\/kinogear.kinolios.com\/en\/wp-json\/wp\/v2\/product_cat?post=2646"},{"taxonomy":"product_tag","embeddable":true,"href":"https:\/\/kinogear.kinolios.com\/en\/wp-json\/wp\/v2\/product_tag?post=2646"}],"curies":[{"name":"wp","href":"https:\/\/api.w.org\/{rel}","templated":true}]}}