{"id":2635,"date":"2025-02-23T00:04:09","date_gmt":"2025-02-22T23:04:09","guid":{"rendered":"https:\/\/kinogear.kinolios.com\/?post_type=product&#038;p=2635"},"modified":"2025-03-16T11:38:41","modified_gmt":"2025-03-16T10:38:41","slug":"pochette-plate-cine","status":"publish","type":"product","link":"https:\/\/kinogear.kinolios.com\/en\/product\/pochette-plate-cine\/","title":{"rendered":"Cine Flat Pouch"},"content":{"rendered":"<div class=\"boldgrid-section\">\n<div class=\"container\">\n<div class=\"row\">\n<div class=\"col-lg-12 col-md-12 col-xs-12 col-sm-12\">\n<p class=\"\">A flat pouch in 500D Cordura with a PVC windows to store and organize your belongings protected from the elements and abrasion. The transparent opening allows you to quickly identify the contents of the pouch. You can store in it for example: small electronic devices, batteries and cables; a small care kit, a photo cleaning kit, etc\u2026<\/p>\n<\/div>\n<\/div>\n<\/div>\n<\/div>\n<div class=\"boldgrid-section\">\n<div class=\"container\">\n<div class=\"row\">\n<div class=\"col-lg-12 col-md-12 col-xs-12 col-sm-12\">\n<h3 class=\"\"><strong>Features<\/strong><\/h3>\n<p class=\"\">YKK 5C zipper on the top of the pouch.<\/p>\n<p class=\"\">Transparent PVC window.<\/p>\n<p class=\"\">25mm Velcro strip for identification or description of content.<\/p>\n<p class=\"\">The slider has an \u201cautolock\u201d function, locking the opening of the pouch if the zipper is not pulled. You can therefore let objects hang or keep the pouch ajar without risking it opening further and spilling its contents.<\/p>\n<p class=\"\">Textured cord pull for better grip.<\/p>\n<p class=\"\">Two strong exterior webbing tabs for attaching the pouch.<\/p>\n<p class=\"\">The seams are doubled and protected with bias tape for maximum endurance.<\/p>\n<p class=\"\">As with all our flat pouches, there is two interior loops in the corners allow you to secure items you don't want to lose with a cord or carabiner.<\/p>\n<p class=\"\"><img loading=\"lazy\" decoding=\"async\" class=\"aligncenter wp-image-1857\" src=\"https:\/\/kinogear.kinolios.com\/wp-content\/uploads\/2024\/03\/Kinogear_Flatpack_5960_1440p-1024x1024.jpg\" alt=\"\" width=\"450\" height=\"450\" srcset=\"https:\/\/kinogear.kinolios.com\/wp-content\/uploads\/2024\/03\/Kinogear_Flatpack_5960_1440p-1024x1024.jpg 1024w, https:\/\/kinogear.kinolios.com\/wp-content\/uploads\/2024\/03\/Kinogear_Flatpack_5960_1440p-300x300.jpg 300w, https:\/\/kinogear.kinolios.com\/wp-content\/uploads\/2024\/03\/Kinogear_Flatpack_5960_1440p-150x150.jpg 150w, https:\/\/kinogear.kinolios.com\/wp-content\/uploads\/2024\/03\/Kinogear_Flatpack_5960_1440p-768x768.jpg 768w, https:\/\/kinogear.kinolios.com\/wp-content\/uploads\/2024\/03\/Kinogear_Flatpack_5960_1440p-324x324.jpg 324w, https:\/\/kinogear.kinolios.com\/wp-content\/uploads\/2024\/03\/Kinogear_Flatpack_5960_1440p-416x416.jpg 416w, https:\/\/kinogear.kinolios.com\/wp-content\/uploads\/2024\/03\/Kinogear_Flatpack_5960_1440p-100x100.jpg 100w, https:\/\/kinogear.kinolios.com\/wp-content\/uploads\/2024\/03\/Kinogear_Flatpack_5960_1440p.jpg 1440w\" sizes=\"auto, (max-width: 450px) 100vw, 450px\" \/><\/p>\n<\/div>\n<\/div>\n<\/div>\n<\/div>\n<div class=\"boldgrid-section\">\n<div class=\"container\">\n<div class=\"row\" style=\"padding-top: 15px;\">\n<div class=\"col-lg-12 col-md-12 col-xs-12 col-sm-12\">\n<h3 class=\"\"><strong>Size information<\/strong><\/h3>\n<p class=\"\">Size S: 14 x 10 cms \u2013 Weight 25g<br \/>\nSize M: 23 x 16 cms \u2013 Weight 40g<\/p>\n<\/div>\n<\/div>\n<\/div>\n<\/div>\n<div class=\"boldgrid-section\">\n<div class=\"container\">\n<div class=\"row\">\n<div class=\"col-lg-12 col-md-12 col-xs-12 col-sm-12\">\n<h4 class=\"\">Origin \/ Information on materials<\/h4>\n<p class=\"\">More information on the materials used and their origins on the dedicated page: <a href=\"https:\/\/kinogear.kinolios.com\/en\/provenance-des-materiaux\/\">Provenance of the materials<\/a><\/p>\n<\/div>\n<\/div>\n<\/div>\n<\/div>\n<div class=\"boldgrid-section\">\n<div class=\"container\">\n<div class=\"row\" style=\"padding-top: 0px; padding-bottom: 0px;\">\n<div class=\"col-lg-12 col-md-12 col-xs-12 col-sm-12\">\n<h3 class=\"\"><strong>Inventory and customization<\/strong><\/h3>\n<p class=\"\">More information on our inventory management in our <a href=\"https:\/\/kinogear.kinolios.com\/en\/foire-aux-questions\/#Gestion_des_stocks\">F.A.Q.<\/a><\/p>\n<h4 class=\"\"><strong>Customization<\/strong><\/h4>\n<p class=\"translation-block\">Do you have specific needs or want a modified version of this product? Do not hesitate to contact us through our <a href=\"https:\/\/kinogear.kinolios.com\/en\/contact\/\" target=\"_self\">contact form<\/a> or through social networks. We adapt easily and can personalize each request.<\/p>\n<\/div>\n<\/div>\n<\/div>\n<\/div>","protected":false},"excerpt":{"rendered":"<p>Une pochette plate en Cordura 500D avec fen\u00eatre PVC pour ranger et organiser ses affaires \u00e0 l&rsquo;abri des \u00e9l\u00e9ments et de l&rsquo;abrasion. L&rsquo;ouverture transparente permet d&rsquo;identifier rapidement le contenu de la pochette. On peut y ranger par exemple: les petits appareils \u00e9lectroniques, batteries et c\u00e2bles; un petit kit de soins, un kit de nettoyage photo, [&hellip;]<\/p>\n","protected":false},"featured_media":2426,"comment_status":"open","ping_status":"closed","template":"","meta":[],"product_brand":[],"product_cat":[64],"product_tag":[],"class_list":{"0":"post-2635","1":"product","2":"type-product","3":"status-publish","4":"has-post-thumbnail","6":"product_cat-rangements-interieurs","7":"product_shipping_class-expedition-standard-2","9":"first","10":"instock","11":"shipping-taxable","12":"purchasable","13":"product-type-variable","14":"add-to-wishlist-after_add_to_cart"},"_links":{"self":[{"href":"https:\/\/kinogear.kinolios.com\/en\/wp-json\/wp\/v2\/product\/2635","targetHints":{"allow":["GET"]}}],"collection":[{"href":"https:\/\/kinogear.kinolios.com\/en\/wp-json\/wp\/v2\/product"}],"about":[{"href":"https:\/\/kinogear.kinolios.com\/en\/wp-json\/wp\/v2\/types\/product"}],"replies":[{"embeddable":true,"href":"https:\/\/kinogear.kinolios.com\/en\/wp-json\/wp\/v2\/comments?post=2635"}],"wp:featuredmedia":[{"embeddable":true,"href":"https:\/\/kinogear.kinolios.com\/en\/wp-json\/wp\/v2\/media\/2426"}],"wp:attachment":[{"href":"https:\/\/kinogear.kinolios.com\/en\/wp-json\/wp\/v2\/media?parent=2635"}],"wp:term":[{"taxonomy":"product_brand","embeddable":true,"href":"https:\/\/kinogear.kinolios.com\/en\/wp-json\/wp\/v2\/product_brand?post=2635"},{"taxonomy":"product_cat","embeddable":true,"href":"https:\/\/kinogear.kinolios.com\/en\/wp-json\/wp\/v2\/product_cat?post=2635"},{"taxonomy":"product_tag","embeddable":true,"href":"https:\/\/kinogear.kinolios.com\/en\/wp-json\/wp\/v2\/product_tag?post=2635"}],"curies":[{"name":"wp","href":"https:\/\/api.w.org\/{rel}","templated":true}]}}