{"id":2216,"date":"2025-02-20T23:08:23","date_gmt":"2025-02-20T22:08:23","guid":{"rendered":"https:\/\/kinogear.kinolios.com\/?post_type=product&#038;p=2216"},"modified":"2025-03-16T11:38:39","modified_gmt":"2025-03-16T10:38:39","slug":"sangle-tactique-2-points","status":"publish","type":"product","link":"https:\/\/kinogear.kinolios.com\/en\/product\/sangle-tactique-2-points\/","title":{"rendered":"2-Point Sling"},"content":{"rendered":"<div class=\"boldgrid-section\">\n<div class=\"container\">\n<div class=\"row\">\n<div class=\"col-lg-12 col-md-12 col-xs-12 col-sm-12\">\n<div class=\"boldgrid-section\">\n<div class=\"container\">\n<div class=\"row\">\n<div class=\"col-lg-12 col-md-12 col-xs-12 col-sm-12\">\n<div>\n<div class=\"row\">\n<div class=\"col-lg-12 col-md-12 col-xs-12 col-sm-12\">\n<div>\n<div class=\"boldgrid-section\">\n<div class=\"container\">\n<div class=\"row\">\n<div class=\"col-lg-12 col-md-12 col-xs-12 col-sm-12\">\n<div>\n<p class=\"\">Sangle tactique modulaire 2 points avec r\u00e9glage rapide mil-spec<\/p>\n<\/div>\n<\/div>\n<\/div>\n<\/div>\n<\/div>\n<div class=\"boldgrid-section\">\n<div class=\"container\">\n<div class=\"row\">\n<div class=\"col-lg-12 col-md-12 col-xs-12 col-sm-12\">\n<div class=\"\">\n<h3 class=\"\"><strong>Features<\/strong><\/h3>\n<p class=\"\">Sangle en Cordura 500D et webbing 25mm mil-spec<\/p>\n<p>Boucle de r\u00e9gulation avec languette de pr\u00e9hension webbing pour un r\u00e9glage rapide de la longueur \u00e0 une seule main<\/p>\n<p><span style=\"text-decoration: underline;\"><strong>Attention :<\/strong><\/span> sangle disponible en deux versions:<\/p>\n<ul>\n<li><strong>Mod. A<\/strong>, o\u00f9 l&rsquo;action de tirer la boucle de r\u00e9glage vers soi <span style=\"text-decoration: underline;\"><strong>raccourcit<\/strong><\/span> la sangle<\/li>\n<li><strong>Mod. B<\/strong>, o\u00f9 l&rsquo;action de tirer la boucle de r\u00e9glage vers soi <span style=\"text-decoration: underline;\"><strong>allonge<\/strong><\/span> la sangle<\/li>\n<\/ul>\n<p>Disponible avec pad de 50mm de large en Cordura pour une \u00e9paisseur et un encombrement minimal ou avec rembourrage en mousse ferme 5mm pour un confort accru<\/p>\n<p>Le pad peut \u00eatre d\u00e9plac\u00e9 le long de la sangle pour s&rsquo;adapter \u00e0 chaque utilisateur. Il peut aussi \u00eatre enti\u00e8rement retir\u00e9 pour ne garder qu&rsquo;une sangle simple de 25mm, ou pour \u00eatre remplac\u00e9<\/p>\n<p>Compatible avec tout syst\u00e8me de fixation se montant sur sangle 25mm<br \/>\nNous proposons aussi en option des crochets m\u00e9tal avec silencieux \u00e9lastiques<\/p>\n<p>La sangle est intentionnelement longue pour que chaque utilisateur puisse l&rsquo;ajuster \u00e0 ses besoins. L&rsquo;exc\u00e9dent peut \u00eatre coup\u00e9 ou fix\u00e9 si besoin<\/p>\n<\/div>\n<\/div>\n<\/div>\n<\/div>\n<\/div>\n<\/div>\n<\/div>\n<\/div>\n<div class=\"row\">\n<div class=\"col-lg-12 col-md-12 col-xs-12 col-sm-12\">\n<div class=\"boldgrid-section\">\n<div class=\"container\">\n<div class=\"row\">\n<div class=\"col-lg-12 col-md-12 col-xs-12 col-sm-12\">\n<div class=\"\">\n<h3 class=\"\"><strong>Size information<\/strong><\/h3>\n<p class=\"\">Longueur 190cms &#8211; Poids sangle seule: 105g &#8211; Poche avec deux crochets m\u00e9tal : 145g<\/p>\n<h4>Origin \/ Information on materials<\/h4>\n<p>More information on the materials used and their origins on the dedicated page: <a href=\"https:\/\/kinogear.kinolios.com\/en\/provenance-des-materiaux\/\">Provenance of the materials<\/a><\/p>\n<h3 class=\"\"><strong>Inventory and customization<\/strong><\/h3>\n<p class=\"\">More information on our inventory management in our <a href=\"https:\/\/kinogear.kinolios.com\/en\/foire-aux-questions\/#Gestion_des_stocks\">F.A.Q.<\/a><\/p>\n<h4 class=\"\"><strong>Customization<\/strong><\/h4>\n<p class=\"translation-block\">Do you have specific needs or want a modified version of this product? Do not hesitate to contact us through our <a href=\"https:\/\/kinogear.kinolios.com\/en\/contact\/\" target=\"_self\">contact form<\/a> or through social networks. We adapt easily and can personalize each request.<\/p>\n<\/div>\n<\/div>\n<\/div>\n<\/div>\n<\/div>\n<\/div>\n<\/div>\n<\/div>\n<\/div>\n<\/div>\n<\/div>\n<\/div>\n<\/div>\n<\/div>\n<\/div>\n<\/div>","protected":false},"excerpt":{"rendered":"<p>Sangle tactique modulaire 2 points avec r\u00e9glage rapide mil-spec Caract\u00e9ristiques Sangle en Cordura 500D et webbing 25mm mil-spec Boucle de r\u00e9gulation avec languette de pr\u00e9hension webbing pour un r\u00e9glage rapide de la longueur \u00e0 une seule main Attention : sangle disponible en deux versions: Mod. A, o\u00f9 l&rsquo;action de tirer la boucle de r\u00e9glage vers [&hellip;]<\/p>\n","protected":false},"featured_media":2508,"comment_status":"open","ping_status":"closed","template":"","meta":[],"product_brand":[],"product_cat":[56,95],"product_tag":[],"class_list":{"0":"post-2216","1":"product","2":"type-product","3":"status-publish","4":"has-post-thumbnail","6":"product_cat-sangles-et-webbing","7":"product_cat-sangles-et-webbing-tactiques","8":"product_shipping_class-expedition-standard-2","10":"first","11":"instock","12":"shipping-taxable","13":"purchasable","14":"product-type-variable","15":"has-default-attributes","16":"add-to-wishlist-after_add_to_cart"},"_links":{"self":[{"href":"https:\/\/kinogear.kinolios.com\/en\/wp-json\/wp\/v2\/product\/2216","targetHints":{"allow":["GET"]}}],"collection":[{"href":"https:\/\/kinogear.kinolios.com\/en\/wp-json\/wp\/v2\/product"}],"about":[{"href":"https:\/\/kinogear.kinolios.com\/en\/wp-json\/wp\/v2\/types\/product"}],"replies":[{"embeddable":true,"href":"https:\/\/kinogear.kinolios.com\/en\/wp-json\/wp\/v2\/comments?post=2216"}],"wp:featuredmedia":[{"embeddable":true,"href":"https:\/\/kinogear.kinolios.com\/en\/wp-json\/wp\/v2\/media\/2508"}],"wp:attachment":[{"href":"https:\/\/kinogear.kinolios.com\/en\/wp-json\/wp\/v2\/media?parent=2216"}],"wp:term":[{"taxonomy":"product_brand","embeddable":true,"href":"https:\/\/kinogear.kinolios.com\/en\/wp-json\/wp\/v2\/product_brand?post=2216"},{"taxonomy":"product_cat","embeddable":true,"href":"https:\/\/kinogear.kinolios.com\/en\/wp-json\/wp\/v2\/product_cat?post=2216"},{"taxonomy":"product_tag","embeddable":true,"href":"https:\/\/kinogear.kinolios.com\/en\/wp-json\/wp\/v2\/product_tag?post=2216"}],"curies":[{"name":"wp","href":"https:\/\/api.w.org\/{rel}","templated":true}]}}