{"id":2158,"date":"2024-11-18T09:56:14","date_gmt":"2024-11-18T08:56:14","guid":{"rendered":"https:\/\/kinogear.kinolios.com\/?post_type=product&#038;p=2158"},"modified":"2025-03-03T10:12:30","modified_gmt":"2025-03-03T09:12:30","slug":"sacoche-astate","status":"publish","type":"product","link":"https:\/\/kinogear.kinolios.com\/en\/product\/sacoche-astate\/","title":{"rendered":"Astate Pack"},"content":{"rendered":"<div class=\"boldgrid-section\">\n<div class=\"container\">\n<div class=\"row\">\n<div class=\"col-lg-12 col-md-12 col-xs-12 col-sm-12\">\n<div class=\"boldgrid-section\">\n<div class=\"container\">\n<div class=\"row\">\n<div class=\"col-lg-12 col-md-12 col-xs-12 col-sm-12\">\n<div>\n<p class=\"\">The Astate pack is a modular hip bag that can also be used as a shoulder bag, chest rig or dangler on plate carriers.<\/p>\n<\/div>\n<\/div>\n<\/div>\n<\/div>\n<\/div>\n<div class=\"boldgrid-section\">\n<div class=\"container\">\n<div class=\"row\">\n<div class=\"col-lg-12 col-md-12 col-xs-12 col-sm-12\">\n<div class=\"\">\n<h3 class=\"\"><strong>Features<\/strong><\/h3>\n<p class=\"\">The pack is made with 500D Cordura with YKK 8C zippers with double sliders and silent pull cords.<\/p>\n<p class=\"\">The pack is supplied with a waist strap, using a plastic buckle for regulation and attached to the bag by two webbing toggles. An elastic loop holds the excess strapage.<br \/>\n<span style=\"text-decoration: underline;\">Additional straps for use as a shoulder pack or chest rig must be ordered separately on the product page of <a href=\"https:\/\/kinogear.kinolios.com\/en\/product\/sangles-pour-sacoches\/\">Pack straps<\/a><\/span><br \/>\n<span style=\"text-decoration: underline;\">For use with plate carriers, please contact us so that we can manufacture specific adapters (velcro or others) for your equipment.<\/span><\/p>\n<p class=\"\">On the front, exterior front pocket with YKK 8C closure and two sliders with silent cords<br \/>\nLarge velcro area for patches or identification<br \/>\nRemovable elastic rope with regulation<\/p>\n<p class=\"\">Below, 3 MOLLE rows for attaching pockets or compatible accessories. Can also be used to attach carabiners or elastic rope for more attachment options.<\/p>\n<p>At the back, 4 square rings for adding straps or using our webbing toggle system.<\/p>\n<p class=\"\">On the inside front, 100mm Velcro strip for adding Velcro inserts and attach things<\/p>\n<p class=\"\">At the bottom, 2 webbing loops to secure your belongings.<\/p>\n<p class=\"\">On the inside back, wide pocket in durable mesh<\/p>\n<\/div>\n<\/div>\n<\/div>\n<div class=\"row\">\n<div class=\"col-lg-12 col-md-12 col-xs-12 col-sm-12\"><\/div>\n<\/div>\n<\/div>\n<\/div>\n<\/div>\n<\/div>\n<div class=\"row\">\n<div class=\"col-lg-12 col-md-12 col-xs-12 col-sm-12\">\n<div class=\"boldgrid-section\">\n<div class=\"container\">\n<div class=\"row\">\n<div class=\"col-lg-12 col-md-12 col-xs-12 col-sm-12\">\n<div class=\"\">\n<h3 class=\"\"><strong>Size information<\/strong><\/h3>\n<p class=\"\">Size: 22 x 17 x 6cms \u2013 Weight for Bag only: 160g \u2013 Bag with hip strap: 205g \u2013 Bag with shoulder strap: 235g<\/p>\n<h4>Origin \/ Information on materials<\/h4>\n<p>More information on the materials used and their origins on the dedicated page: <a href=\"https:\/\/kinogear.kinolios.com\/en\/provenance-des-materiaux\/\">Provenance of the materials<\/a><\/p>\n<\/div>\n<\/div>\n<\/div>\n<div class=\"row\">\n<div class=\"col-lg-12 col-md-12 col-xs-12 col-sm-12\">\n<div class=\"\">\n<h3 class=\"\"><strong>Instructions<\/strong><\/h3>\n<p class=\"\">To install the strap:<br \/>\n\u2013 Hold the square ring between your fingers and present the webbing toggle laid flat.<br \/>\n\u2013 Start inserting it into the square ring<br \/>\n\u2013 Pull on the other side to pass the toggle completely through the ring<br \/>\n\u2013 Check that the edge of the toggle rests on top of the side of the ring<\/p>\n<p class=\"\">To remove the strap:<br \/>\n\u2013 Hold the square ring and press the webbing toggle to insert the rim into the opening of the ring<br \/>\n\u2013 Check that the toggle stays flat and doesn't bunch up on the ring. Pull the toggle through the ring to detach it<\/p>\n<\/div>\n<\/div>\n<\/div>\n<div class=\"row\">\n<div class=\"col-lg-12 col-md-12 col-xs-12 col-sm-12\"><\/div>\n<\/div>\n<\/div>\n<\/div>\n<div class=\"boldgrid-section\">\n<div class=\"container\">\n<div class=\"row\">\n<div class=\"col-lg-1 col-md-12 col-sm-12 col-xs-12\"><\/div>\n<div class=\"col-lg-10 col-md-12 col-xs-12 col-sm-12\">\n<div class=\"\">\n<p class=\"\"><a href=\"https:\/\/kinogear.kinolios.com\/wp-content\/uploads\/2024\/07\/KINOLIOS_Kinogear_SacocheIridium_PhotosProduit_InstructionsAttachesWebbingMontage.jpg\" target=\"_blank\" rel=\"noopener\"><img loading=\"lazy\" decoding=\"async\" class=\"aligncenter wp-image-2076 size-large\" src=\"https:\/\/kinogear.kinolios.com\/wp-content\/uploads\/2024\/07\/KINOLIOS_Kinogear_SacocheIridium_PhotosProduit_InstructionsAttachesWebbingMontage-1024x1024.jpg\" alt=\"\" width=\"1024\" height=\"1024\" srcset=\"https:\/\/kinogear.kinolios.com\/wp-content\/uploads\/2024\/07\/KINOLIOS_Kinogear_SacocheIridium_PhotosProduit_InstructionsAttachesWebbingMontage-1024x1024.jpg 1024w, https:\/\/kinogear.kinolios.com\/wp-content\/uploads\/2024\/07\/KINOLIOS_Kinogear_SacocheIridium_PhotosProduit_InstructionsAttachesWebbingMontage-300x300.jpg 300w, https:\/\/kinogear.kinolios.com\/wp-content\/uploads\/2024\/07\/KINOLIOS_Kinogear_SacocheIridium_PhotosProduit_InstructionsAttachesWebbingMontage-150x150.jpg 150w, https:\/\/kinogear.kinolios.com\/wp-content\/uploads\/2024\/07\/KINOLIOS_Kinogear_SacocheIridium_PhotosProduit_InstructionsAttachesWebbingMontage-768x768.jpg 768w, https:\/\/kinogear.kinolios.com\/wp-content\/uploads\/2024\/07\/KINOLIOS_Kinogear_SacocheIridium_PhotosProduit_InstructionsAttachesWebbingMontage-324x324.jpg 324w, https:\/\/kinogear.kinolios.com\/wp-content\/uploads\/2024\/07\/KINOLIOS_Kinogear_SacocheIridium_PhotosProduit_InstructionsAttachesWebbingMontage-416x416.jpg 416w, https:\/\/kinogear.kinolios.com\/wp-content\/uploads\/2024\/07\/KINOLIOS_Kinogear_SacocheIridium_PhotosProduit_InstructionsAttachesWebbingMontage-100x100.jpg 100w, https:\/\/kinogear.kinolios.com\/wp-content\/uploads\/2024\/07\/KINOLIOS_Kinogear_SacocheIridium_PhotosProduit_InstructionsAttachesWebbingMontage.jpg 1920w\" sizes=\"auto, (max-width: 1024px) 100vw, 1024px\" \/><\/a><\/p>\n<\/div>\n<\/div>\n<div class=\"col-lg-1 col-md-12 col-sm-12 col-xs-12\"><\/div>\n<\/div>\n<div class=\"row\">\n<div class=\"col-lg-12 col-md-12 col-xs-12 col-sm-12\">\n<div><\/div>\n<\/div>\n<\/div>\n<\/div>\n<\/div>\n<div class=\"boldgrid-section\">\n<div class=\"container\">\n<div class=\"row\">\n<div class=\"col-lg-12 col-md-12 col-xs-12 col-sm-12\"><\/div>\n<\/div>\n<\/div>\n<\/div>\n<\/div>\n<\/div>\n<div class=\"row\">\n<div class=\"col-lg-12 col-md-12 col-xs-12 col-sm-12\">\n<h3 class=\"\"><strong>Inventory and customization<\/strong><\/h3>\n<p class=\"\">More information on our inventory management in our <a href=\"https:\/\/kinogear.kinolios.com\/en\/foire-aux-questions\/#Gestion_des_stocks\">F.A.Q.<\/a><\/p>\n<h4 class=\"\"><strong>Customization<\/strong><\/h4>\n<p class=\"translation-block\">Do you have specific needs or want a modified version of this product? Do not hesitate to contact us through our <a href=\"https:\/\/kinogear.kinolios.com\/en\/contact\/\" target=\"_self\">contact form<\/a> or through social networks. We adapt easily and can personalize each request.<\/p>\n<\/div>\n<\/div>\n<\/div>\n<\/div>","protected":false},"excerpt":{"rendered":"<p>La sacoche Astate est une sacoche de hanche modulaire pouvant aussi \u00eatre adapt\u00e9e en sacoche d&rsquo;\u00e9paule, sacoche de poitrine ou en poche banane pour porte-plaques. Caract\u00e9ristiques Sacoche en Cordura 500D avec fermeture \u00e9clair YKK 8C avec double curseurs et cordelettes silencieuses. Sacoche fournie avec une sangle de hanche, disposant d&rsquo;une boucles plastique avec r\u00e9gulation et [&hellip;]<\/p>\n","protected":false},"featured_media":2472,"comment_status":"open","ping_status":"closed","template":"","meta":[],"product_brand":[],"product_cat":[63],"product_tag":[],"class_list":{"0":"post-2158","1":"product","2":"type-product","3":"status-publish","4":"has-post-thumbnail","6":"product_cat-sacs-et-sacoches","7":"product_shipping_class-expedition-standard-2","9":"first","10":"instock","11":"shipping-taxable","12":"purchasable","13":"product-type-variable","14":"has-default-attributes","15":"add-to-wishlist-after_add_to_cart"},"_links":{"self":[{"href":"https:\/\/kinogear.kinolios.com\/en\/wp-json\/wp\/v2\/product\/2158","targetHints":{"allow":["GET"]}}],"collection":[{"href":"https:\/\/kinogear.kinolios.com\/en\/wp-json\/wp\/v2\/product"}],"about":[{"href":"https:\/\/kinogear.kinolios.com\/en\/wp-json\/wp\/v2\/types\/product"}],"replies":[{"embeddable":true,"href":"https:\/\/kinogear.kinolios.com\/en\/wp-json\/wp\/v2\/comments?post=2158"}],"wp:featuredmedia":[{"embeddable":true,"href":"https:\/\/kinogear.kinolios.com\/en\/wp-json\/wp\/v2\/media\/2472"}],"wp:attachment":[{"href":"https:\/\/kinogear.kinolios.com\/en\/wp-json\/wp\/v2\/media?parent=2158"}],"wp:term":[{"taxonomy":"product_brand","embeddable":true,"href":"https:\/\/kinogear.kinolios.com\/en\/wp-json\/wp\/v2\/product_brand?post=2158"},{"taxonomy":"product_cat","embeddable":true,"href":"https:\/\/kinogear.kinolios.com\/en\/wp-json\/wp\/v2\/product_cat?post=2158"},{"taxonomy":"product_tag","embeddable":true,"href":"https:\/\/kinogear.kinolios.com\/en\/wp-json\/wp\/v2\/product_tag?post=2158"}],"curies":[{"name":"wp","href":"https:\/\/api.w.org\/{rel}","templated":true}]}}