{"id":2107,"date":"2024-07-31T13:01:26","date_gmt":"2024-07-31T12:01:26","guid":{"rendered":"https:\/\/kinogear.kinolios.com\/?post_type=product&#038;p=2107"},"modified":"2025-03-03T10:11:54","modified_gmt":"2025-03-03T09:11:54","slug":"sangles-pour-sacoches","status":"publish","type":"product","link":"https:\/\/kinogear.kinolios.com\/en\/product\/sangles-pour-sacoches\/","title":{"rendered":"Pack straps"},"content":{"rendered":"<div class=\"boldgrid-section\">\n<div class=\"container\">\n<div class=\"row\">\n<div class=\"col-lg-12 col-md-12 col-xs-12 col-sm-12\">\n<h3 class=\"\"><strong>Features<\/strong><\/h3>\n<p class=\"\">Additional straps with webbing toggle for pack and bags with square rings, such as the Iridium Pack.<\/p>\n<p class=\"\">The shoulder strap is equipped with two 2M plastic buckles with regulation, and two elastic webbing keepers to hold excess strap. Both ends have a webbing toggle to attach to square rings.<\/p>\n<p class=\"\">The waist strap is equipped on one side with a 2M plastic buckle with regulation, with an elastic webbing keeper to hold the excess strap. Both ends have a webbing toggle to attach to square rings.<\/p>\n<h3 class=\"\"><strong>Variations<\/strong><\/h3>\n<p class=\"\">The X Harness kit contains a shoulder strap, which, added to that of the bag, allows you to form an X harness and carry the bag as a chest rig.<\/p>\n<p class=\"\">The X Plus Harness kit contains a shoulder strap, as well as an additional waist strap to stabilize the bag when worn as a chest rig.<\/p>\n<p class=\"\">The waist strap kit contains a strap to carry the bag on the hips or stabilize the bag.<\/p>\n<p class=\"\">&nbsp;<\/p>\n<div class=\"boldgrid-section\">\n<div class=\"container\">\n<div class=\"row\">\n<div class=\"col-lg-12 col-md-12 col-xs-12 col-sm-12\">\n<div class=\"\">\n<div class=\"boldgrid-section\">\n<div class=\"container\">\n<div class=\"row\">\n<div class=\"col-lg-1 col-md-12 col-sm-12 col-xs-12\"><\/div>\n<div class=\"col-lg-10 col-md-12 col-xs-12 col-sm-12\">\n<div class=\"\">\n<figure id=\"attachment_2082\" aria-describedby=\"caption-attachment-2082\" style=\"width: 1024px\" class=\"wp-caption aligncenter\"><a href=\"https:\/\/kinogear.kinolios.com\/wp-content\/uploads\/2024\/07\/KINOLIOS_Kinogear_SacocheIridium_PhotosProduitPortageSacoche-Montage.jpg\" target=\"_blank\" rel=\"noopener\"><img loading=\"lazy\" decoding=\"async\" class=\"wp-image-2082 size-large\" src=\"https:\/\/kinogear.kinolios.com\/wp-content\/uploads\/2024\/07\/KINOLIOS_Kinogear_SacocheIridium_PhotosProduitPortageSacoche-Montage-1024x1024.jpg\" alt=\"\" width=\"1024\" height=\"1024\" srcset=\"https:\/\/kinogear.kinolios.com\/wp-content\/uploads\/2024\/07\/KINOLIOS_Kinogear_SacocheIridium_PhotosProduitPortageSacoche-Montage-1024x1024.jpg 1024w, https:\/\/kinogear.kinolios.com\/wp-content\/uploads\/2024\/07\/KINOLIOS_Kinogear_SacocheIridium_PhotosProduitPortageSacoche-Montage-300x300.jpg 300w, https:\/\/kinogear.kinolios.com\/wp-content\/uploads\/2024\/07\/KINOLIOS_Kinogear_SacocheIridium_PhotosProduitPortageSacoche-Montage-150x150.jpg 150w, https:\/\/kinogear.kinolios.com\/wp-content\/uploads\/2024\/07\/KINOLIOS_Kinogear_SacocheIridium_PhotosProduitPortageSacoche-Montage-768x768.jpg 768w, https:\/\/kinogear.kinolios.com\/wp-content\/uploads\/2024\/07\/KINOLIOS_Kinogear_SacocheIridium_PhotosProduitPortageSacoche-Montage-324x324.jpg 324w, https:\/\/kinogear.kinolios.com\/wp-content\/uploads\/2024\/07\/KINOLIOS_Kinogear_SacocheIridium_PhotosProduitPortageSacoche-Montage-416x416.jpg 416w, https:\/\/kinogear.kinolios.com\/wp-content\/uploads\/2024\/07\/KINOLIOS_Kinogear_SacocheIridium_PhotosProduitPortageSacoche-Montage-100x100.jpg 100w, https:\/\/kinogear.kinolios.com\/wp-content\/uploads\/2024\/07\/KINOLIOS_Kinogear_SacocheIridium_PhotosProduitPortageSacoche-Montage.jpg 1920w\" sizes=\"auto, (max-width: 1024px) 100vw, 1024px\" \/><\/a><figcaption id=\"caption-attachment-2082\" class=\"wp-caption-text\"><em>Examples of strap configuration on the Iridium Pack<\/em><\/figcaption><\/figure>\n<\/div>\n<\/div>\n<div class=\"col-lg-1 col-md-12 col-sm-12 col-xs-12\"><\/div>\n<\/div>\n<\/div>\n<\/div>\n<div class=\"boldgrid-section\">\n<div class=\"container\">\n<div class=\"row\">\n<div class=\"col-lg-12 col-md-12 col-xs-12 col-sm-12\">\n<div class=\"\">\n<h3 class=\"\"><strong>Instructions<\/strong><\/h3>\n<\/div>\n<\/div>\n<\/div>\n<\/div>\n<\/div>\n<p class=\"\">To install the strap:<br \/>\n\u2013 Hold the square ring between your fingers and present the webbing toggle laid flat.<br \/>\n\u2013 Start inserting it into the square ring<br \/>\n\u2013 Pull on the other side to pass the toggle completely through the ring<br \/>\n\u2013 Check that the edge of the toggle rests on top of the side of the ring<\/p>\n<p class=\"\">To remove the strap:<br \/>\n\u2013 Hold the square ring and press the webbing toggle to insert the rim into the opening of the ring<br \/>\n\u2013 Check that the toggle stays flat and doesn't bunch up on the ring. Pull the toggle through the ring to detach it<\/p>\n<\/div>\n<\/div>\n<\/div>\n<\/div>\n<\/div>\n<div class=\"boldgrid-section\">\n<div class=\"container\">\n<div class=\"row\">\n<div class=\"col-lg-1 col-md-12 col-sm-12 col-xs-12\"><\/div>\n<div class=\"col-lg-10 col-md-12 col-xs-12 col-sm-12\">\n<div class=\"\">\n<p class=\"\"><a href=\"https:\/\/kinogear.kinolios.com\/wp-content\/uploads\/2024\/07\/KINOLIOS_Kinogear_SacocheIridium_PhotosProduit_InstructionsAttachesWebbingMontage.jpg\" target=\"_blank\" rel=\"noopener\"><img loading=\"lazy\" decoding=\"async\" class=\"aligncenter wp-image-2076 size-large\" src=\"https:\/\/kinogear.kinolios.com\/wp-content\/uploads\/2024\/07\/KINOLIOS_Kinogear_SacocheIridium_PhotosProduit_InstructionsAttachesWebbingMontage-1024x1024.jpg\" alt=\"\" width=\"1024\" height=\"1024\" srcset=\"https:\/\/kinogear.kinolios.com\/wp-content\/uploads\/2024\/07\/KINOLIOS_Kinogear_SacocheIridium_PhotosProduit_InstructionsAttachesWebbingMontage-1024x1024.jpg 1024w, https:\/\/kinogear.kinolios.com\/wp-content\/uploads\/2024\/07\/KINOLIOS_Kinogear_SacocheIridium_PhotosProduit_InstructionsAttachesWebbingMontage-300x300.jpg 300w, https:\/\/kinogear.kinolios.com\/wp-content\/uploads\/2024\/07\/KINOLIOS_Kinogear_SacocheIridium_PhotosProduit_InstructionsAttachesWebbingMontage-150x150.jpg 150w, https:\/\/kinogear.kinolios.com\/wp-content\/uploads\/2024\/07\/KINOLIOS_Kinogear_SacocheIridium_PhotosProduit_InstructionsAttachesWebbingMontage-768x768.jpg 768w, https:\/\/kinogear.kinolios.com\/wp-content\/uploads\/2024\/07\/KINOLIOS_Kinogear_SacocheIridium_PhotosProduit_InstructionsAttachesWebbingMontage-324x324.jpg 324w, https:\/\/kinogear.kinolios.com\/wp-content\/uploads\/2024\/07\/KINOLIOS_Kinogear_SacocheIridium_PhotosProduit_InstructionsAttachesWebbingMontage-416x416.jpg 416w, https:\/\/kinogear.kinolios.com\/wp-content\/uploads\/2024\/07\/KINOLIOS_Kinogear_SacocheIridium_PhotosProduit_InstructionsAttachesWebbingMontage-100x100.jpg 100w, https:\/\/kinogear.kinolios.com\/wp-content\/uploads\/2024\/07\/KINOLIOS_Kinogear_SacocheIridium_PhotosProduit_InstructionsAttachesWebbingMontage.jpg 1920w\" sizes=\"auto, (max-width: 1024px) 100vw, 1024px\" \/><\/a><\/p>\n<\/div>\n<\/div>\n<div class=\"col-lg-1 col-md-12 col-sm-12 col-xs-12\"><\/div>\n<\/div>\n<\/div>\n<\/div>\n<div class=\"boldgrid-section\">\n<div class=\"container\">\n<div class=\"row\">\n<div class=\"col-lg-12 col-md-12 col-xs-12 col-sm-12\">\n<div class=\"\">\n<h3 class=\"\"><strong>Size information<\/strong><\/h3>\n<p class=\"\">Shoulder strap size M: Max length 125cms<\/p>\n<p>Waist strap size M: Max length 80cms (not including the width of the bag)<br \/>\nWaist strap size M: Max length 100cms (not including the width of the bag)<\/p>\n<h4>Origin \/ Information on materials<\/h4>\n<p>More information on the materials used and their origins on the dedicated page: <a href=\"https:\/\/kinogear.kinolios.com\/en\/provenance-des-materiaux\/\">Provenance of the materials<\/a><\/p>\n<\/div>\n<\/div>\n<\/div>\n<\/div>\n<\/div>\n<\/div>\n<\/div>\n<\/div>\n<\/div>","protected":false},"excerpt":{"rendered":"<p>Caract\u00e9ristiques Sangles additionnelles avec taquets webbing pour sacoches avec anneaux carr\u00e9s, comme la sacoche Iridium. La sangle d&rsquo;\u00e9paule est \u00e9quip\u00e9e de deux boucles plastiques 2M avec r\u00e9gulation, et deux anneaux \u00e9lastiques pour maintenir les exc\u00e9dents de sangle. Les deux extr\u00e9mit\u00e9s poss\u00e8dent un taquet webbing pour se fixer sur des anneaux carr\u00e9s. La sangle ventrale est [&hellip;]<\/p>\n","protected":false},"featured_media":2117,"comment_status":"open","ping_status":"closed","template":"","meta":[],"product_brand":[],"product_cat":[56],"product_tag":[],"class_list":{"0":"post-2107","1":"product","2":"type-product","3":"status-publish","4":"has-post-thumbnail","6":"product_cat-sangles-et-webbing","7":"product_shipping_class-expedition-standard-2","9":"first","10":"instock","11":"shipping-taxable","12":"purchasable","13":"product-type-variable","14":"has-default-attributes","15":"add-to-wishlist-after_add_to_cart"},"_links":{"self":[{"href":"https:\/\/kinogear.kinolios.com\/en\/wp-json\/wp\/v2\/product\/2107","targetHints":{"allow":["GET"]}}],"collection":[{"href":"https:\/\/kinogear.kinolios.com\/en\/wp-json\/wp\/v2\/product"}],"about":[{"href":"https:\/\/kinogear.kinolios.com\/en\/wp-json\/wp\/v2\/types\/product"}],"replies":[{"embeddable":true,"href":"https:\/\/kinogear.kinolios.com\/en\/wp-json\/wp\/v2\/comments?post=2107"}],"wp:featuredmedia":[{"embeddable":true,"href":"https:\/\/kinogear.kinolios.com\/en\/wp-json\/wp\/v2\/media\/2117"}],"wp:attachment":[{"href":"https:\/\/kinogear.kinolios.com\/en\/wp-json\/wp\/v2\/media?parent=2107"}],"wp:term":[{"taxonomy":"product_brand","embeddable":true,"href":"https:\/\/kinogear.kinolios.com\/en\/wp-json\/wp\/v2\/product_brand?post=2107"},{"taxonomy":"product_cat","embeddable":true,"href":"https:\/\/kinogear.kinolios.com\/en\/wp-json\/wp\/v2\/product_cat?post=2107"},{"taxonomy":"product_tag","embeddable":true,"href":"https:\/\/kinogear.kinolios.com\/en\/wp-json\/wp\/v2\/product_tag?post=2107"}],"curies":[{"name":"wp","href":"https:\/\/api.w.org\/{rel}","templated":true}]}}