{"id":1990,"date":"2024-06-14T11:43:11","date_gmt":"2024-06-14T10:43:11","guid":{"rendered":"https:\/\/kinogear.kinolios.com\/?post_type=product&#038;p=1990"},"modified":"2025-10-03T14:00:17","modified_gmt":"2025-10-03T13:00:17","slug":"pochette-edc","status":"publish","type":"product","link":"https:\/\/kinogear.kinolios.com\/en\/product\/pochette-edc\/","title":{"rendered":"EDC Pouch Mod. A"},"content":{"rendered":"<div class=\"boldgrid-section\">\n<div class=\"container\">\n<div class=\"row\">\n<div class=\"col-lg-12 col-md-12 col-xs-12 col-sm-12\">\n<p class=\"translation-block\">EDC Pouch made in France. An EDC (EveryDay Carry) pouch allows you to organize the small, useful items you carry with you every day.<\/p>\n<h3 class=\"\"><strong>Features<\/strong><\/h3>\n<p class=\"\">Mil-spec 500D Cordura exterior fabric, weather and abrasion resistant.<\/p>\n<p class=\"\">YKK 8C zipper allowing full opening of the pouch.<\/p>\n<p class=\"\">Two sliders with gripping cords for smooth and silent operation.<\/p>\n<p class=\"\">Multiple strong elastic loops to secure contents and optimally organize equipment:<br \/>\n8x 30mm loops in 25mm elastic<br \/>\n4x 60mm loops in 50mm elastic<\/p>\n<p class=\"\">Secure pocket bottom to prevent objects from slipping off the elastics.<\/p>\n<p class=\"\">Two pockets on the top for flat objects such as notebooks, A6 size documents, etc.<\/p>\n<p class=\"\">Exterior loops in strong webbing to secure the pouch.<\/p>\n<p class=\"\">Front 80 x 38mm velcro for identification or patches.<\/p>\n<h3 class=\"\"><strong>Size information<\/strong><\/h3>\n<p class=\"\">External size 16 x 12 x 4cms \u2013 Weight 90g<\/p>\n<h4 class=\"\">Origin \/ Information on materials<\/h4>\n<p class=\"\">More information on the materials used and their origins on the dedicated page: <a href=\"https:\/\/kinogear.kinolios.com\/en\/provenance-des-materiaux\/\">Provenance of the materials<\/a><\/p>\n<h3 class=\"\"><strong>Inventory and customization<\/strong><\/h3>\n<p class=\"\">More information on our inventory management in our <a href=\"https:\/\/kinogear.kinolios.com\/en\/foire-aux-questions\/#Gestion_des_stocks\">F.A.Q.<\/a><\/p>\n<h4 class=\"\"><strong>Customization<\/strong><\/h4>\n<p class=\"translation-block\">Do you have specific needs or want a modified version of this product? Do not hesitate to contact us through our <a href=\"https:\/\/kinogear.kinolios.com\/en\/contact\/\" target=\"_self\">contact form<\/a> or through social networks. We adapt easily and can personalize each request.<\/p>\n<\/div>\n<\/div>\n<\/div>\n<\/div>","protected":false},"excerpt":{"rendered":"<p>Pochette EDC fabriqu\u00e9e en France. Une pochette EDC (EveryDay Carry) permet d&rsquo;organiser les petits objets utiles que l&rsquo;on transporte sur soi chaque jour. Caract\u00e9ristiques Ext\u00e9rieur en Cordura 500D mil-spec, r\u00e9sistant aux intemp\u00e9ries et \u00e0 l&rsquo;abrasion. Fermeture \u00e9clair YKK 8C permettant l&rsquo;ouverture compl\u00e8te de la pochette. Deux curseurs avec cordelettes de pr\u00e9hension pour une ouverture fluide [&hellip;]<\/p>\n","protected":false},"featured_media":2399,"comment_status":"open","ping_status":"closed","template":"","meta":[],"product_brand":[],"product_cat":[64],"product_tag":[],"class_list":{"0":"post-1990","1":"product","2":"type-product","3":"status-publish","4":"has-post-thumbnail","6":"product_cat-rangements-interieurs","7":"product_shipping_class-expedition-standard-2","9":"first","10":"instock","11":"shipping-taxable","12":"purchasable","13":"product-type-variable","14":"add-to-wishlist-after_add_to_cart"},"_links":{"self":[{"href":"https:\/\/kinogear.kinolios.com\/en\/wp-json\/wp\/v2\/product\/1990","targetHints":{"allow":["GET"]}}],"collection":[{"href":"https:\/\/kinogear.kinolios.com\/en\/wp-json\/wp\/v2\/product"}],"about":[{"href":"https:\/\/kinogear.kinolios.com\/en\/wp-json\/wp\/v2\/types\/product"}],"replies":[{"embeddable":true,"href":"https:\/\/kinogear.kinolios.com\/en\/wp-json\/wp\/v2\/comments?post=1990"}],"wp:featuredmedia":[{"embeddable":true,"href":"https:\/\/kinogear.kinolios.com\/en\/wp-json\/wp\/v2\/media\/2399"}],"wp:attachment":[{"href":"https:\/\/kinogear.kinolios.com\/en\/wp-json\/wp\/v2\/media?parent=1990"}],"wp:term":[{"taxonomy":"product_brand","embeddable":true,"href":"https:\/\/kinogear.kinolios.com\/en\/wp-json\/wp\/v2\/product_brand?post=1990"},{"taxonomy":"product_cat","embeddable":true,"href":"https:\/\/kinogear.kinolios.com\/en\/wp-json\/wp\/v2\/product_cat?post=1990"},{"taxonomy":"product_tag","embeddable":true,"href":"https:\/\/kinogear.kinolios.com\/en\/wp-json\/wp\/v2\/product_tag?post=1990"}],"curies":[{"name":"wp","href":"https:\/\/api.w.org\/{rel}","templated":true}]}}