{"id":1760,"date":"2024-03-20T18:44:00","date_gmt":"2024-03-20T17:44:00","guid":{"rendered":"https:\/\/kinogear.kinolios.com\/?post_type=product&#038;p=1760"},"modified":"2025-03-03T10:11:47","modified_gmt":"2025-03-03T09:11:47","slug":"sangle-photo-reglage-rapide","status":"publish","type":"product","link":"https:\/\/kinogear.kinolios.com\/en\/product\/sangle-photo-reglage-rapide\/","title":{"rendered":"Quick-adjust Photo Sling"},"content":{"rendered":"<div class=\"boldgrid-section\">\n<div class=\"container\">\n<div class=\"row\" style=\"padding-top: 0px;\">\n<div class=\"col-lg-12 col-md-12 col-xs-12 col-sm-12\">\n<p class=\"\">The culmination of long months of research, experiments and more than 45 prototypes in order to arrive at the ideal version of a photo sling, at least from our point of view.<\/p>\n<\/div>\n<\/div>\n<\/div>\n<\/div>\n<div class=\"boldgrid-section\">\n<div class=\"container\">\n<div class=\"row\">\n<div class=\"col-lg-12 col-md-12 col-xs-12 col-sm-12\">\n<h3 class=\"\"><strong>Features<\/strong><\/h3>\n<p class=\"\">Continuous heavy duty 25mm webbing. No seams that could wear out and break.<\/p>\n<p class=\"\">Slim design to avoid excess bulkiness when used in conjunction with backpacks, straps, saddlebags, etc.<\/p>\n<p class=\"translation-block\">Length quickly adjustable with one hand from 98 to 140cms (not including carabiners).<br>\nDouble adjustment grip tab, easily usable even with gloves.<\/p>\n<p class=\"translation-block\">Cordura Positive Lock Cord loop for a reduced footprint on the camera. This way, the sling can be quickly attached and detached from the body. <br>\nThe knot allows the cord to be optimally positioned in the hook. The rough texture helps secure the knot.<\/p>\n<p class=\"\">Strong rotating snaphooks, allowing universal use of the strap with any bag or attachment point with a D Ring or loop.<\/p>\n<p class=\"translation-block\">For versions with Pad:<br>\nPad measuring 40 x 5 cm in Cordura. It is not padded, but its larger surface allows for better load distribution and therefore increased comfort.<br>\nThe pad is held on the strap with two triglides and the strap can be slipped into the pocket provided. You can adjust its the position which way you prefer and above all the pad will not slip during use.<\/p>\n<p class=\"\">The sling can be completely disassembled and repaired. The pad can be removed to lighten the sling as much as possible. The snaphooks can be changed and replaced with the solution of your choice.<\/p>\n<\/div>\n<\/div>\n<\/div>\n<\/div>\n<div class=\"boldgrid-section\">\n<div class=\"container\">\n<div class=\"row\">\n<div class=\"col-lg-12 col-md-12 col-xs-12 col-sm-12\">\n<h3 class=\"\"><strong>Installation<\/strong><\/h3>\n<div class=\"n2_ss_slider_publish__option_code\" data-mode=\"id\" dir=\"ltr\"><\/div>\n<\/div>\n<\/div>\n<\/div>\n<\/div>\n<div class=\"boldgrid-section\">\n<div class=\"container\">\n<div class=\"row\" style=\"padding-top: 20px;\">\n<div class=\"col-lg-12 col-md-12 col-xs-12 col-sm-12\">\n<h3 class=\"\"><strong>Materials information<\/strong><\/h3>\n<p class=\"\">Robust 25mm black webbing (985kg breaking strength)<br \/>\nCordura 500D Pad<br \/>\nRobust 2M plastic parts<br \/>\n2M plastic rotating snaphooks, designed for a 60kgs load according to the manufacturer<\/p>\n<p class=\"\">Weight: Without Pad: 75g | With Pad: 105g<\/p>\n<h4 class=\"\">Origin of materials<\/h4>\n<p class=\"\">More information on the materials used and their origins on the dedicated page: <a href=\"https:\/\/kinogear.kinolios.com\/en\/provenance-des-materiaux\/\">Provenance of the materials<\/a><\/p>\n<\/div>\n<\/div>\n<\/div>\n<\/div>\n<div class=\"boldgrid-section\">\n<div class=\"container\">\n<div class=\"row\" style=\"padding-top: 0px; padding-bottom: 0px;\">\n<div class=\"col-lg-12 col-md-12 col-xs-12 col-sm-12\">\n<h3 class=\"\"><strong>Inventory and customization<\/strong><\/h3>\n<p class=\"\">More information on our inventory management in our <a href=\"https:\/\/kinogear.kinolios.com\/en\/foire-aux-questions\/#Gestion_des_stocks\">F.A.Q.<\/a><\/p>\n<h4 class=\"\"><strong>Customization<\/strong><\/h4>\n<p class=\"translation-block\">Do you have specific needs or want a modified version of this product? Do not hesitate to contact us through our <a href=\"https:\/\/kinogear.kinolios.com\/en\/contact\/\" target=\"_self\">contact form<\/a> or through social networks. We adapt easily and can personalize each request.<\/p>\n<\/div>\n<\/div>\n<\/div>\n<\/div>","protected":false},"excerpt":{"rendered":"<p>La culmination de longs mois de recherches, exp\u00e9rimentations et plus de 45 prototypes afin d&rsquo;arriver \u00e0 la version id\u00e9ale d&rsquo;une sangle photo, du moins de notre point de vue. Caract\u00e9ristiques Sangle robuste en une seule pi\u00e8ce continue de webbing 25mm. Aucune couture qui ne pourrait s&rsquo;user et c\u00e9der. Design fin pour \u00e9viter les sur\u00e9paisseurs en [&hellip;]<\/p>\n","protected":false},"featured_media":1827,"comment_status":"open","ping_status":"closed","template":"","meta":[],"product_brand":[],"product_cat":[56],"product_tag":[],"class_list":{"0":"post-1760","1":"product","2":"type-product","3":"status-publish","4":"has-post-thumbnail","6":"product_cat-sangles-et-webbing","7":"product_shipping_class-expedition-standard-2","9":"first","10":"instock","11":"shipping-taxable","12":"purchasable","13":"product-type-variable","14":"has-default-attributes","15":"add-to-wishlist-after_add_to_cart"},"_links":{"self":[{"href":"https:\/\/kinogear.kinolios.com\/en\/wp-json\/wp\/v2\/product\/1760","targetHints":{"allow":["GET"]}}],"collection":[{"href":"https:\/\/kinogear.kinolios.com\/en\/wp-json\/wp\/v2\/product"}],"about":[{"href":"https:\/\/kinogear.kinolios.com\/en\/wp-json\/wp\/v2\/types\/product"}],"replies":[{"embeddable":true,"href":"https:\/\/kinogear.kinolios.com\/en\/wp-json\/wp\/v2\/comments?post=1760"}],"wp:featuredmedia":[{"embeddable":true,"href":"https:\/\/kinogear.kinolios.com\/en\/wp-json\/wp\/v2\/media\/1827"}],"wp:attachment":[{"href":"https:\/\/kinogear.kinolios.com\/en\/wp-json\/wp\/v2\/media?parent=1760"}],"wp:term":[{"taxonomy":"product_brand","embeddable":true,"href":"https:\/\/kinogear.kinolios.com\/en\/wp-json\/wp\/v2\/product_brand?post=1760"},{"taxonomy":"product_cat","embeddable":true,"href":"https:\/\/kinogear.kinolios.com\/en\/wp-json\/wp\/v2\/product_cat?post=1760"},{"taxonomy":"product_tag","embeddable":true,"href":"https:\/\/kinogear.kinolios.com\/en\/wp-json\/wp\/v2\/product_tag?post=1760"}],"curies":[{"name":"wp","href":"https:\/\/api.w.org\/{rel}","templated":true}]}}