{"id":1737,"date":"2024-03-20T17:29:10","date_gmt":"2024-03-20T16:29:10","guid":{"rendered":"https:\/\/kinogear.kinolios.com\/?post_type=product&#038;p=1737"},"modified":"2025-03-03T10:13:43","modified_gmt":"2025-03-03T09:13:43","slug":"mousqueton-2m","status":"publish","type":"product","link":"https:\/\/kinogear.kinolios.com\/en\/product\/mousqueton-2m\/","title":{"rendered":"2M Rotating Snaphook"},"content":{"rendered":"<div class=\"boldgrid-section\">\n<div class=\"container\">\n<div class=\"row\">\n<div class=\"col-lg-12 col-md-12 col-xs-12 col-sm-12\">\n<h3 class=\"\"><strong>Features<\/strong><\/h3>\n<p class=\"\">Un mousqueton en plastique solide fabriqu\u00e9 par 2M en Italie. Le fabricant pr\u00e9cise qu&rsquo;ils ont \u00e9t\u00e9 con\u00e7us pour une charge de 60kgs.<\/p>\n<p class=\"\">Adaptable \u00e0 toute sangle de 25mm.<\/p>\n<p class=\"\">Crochet compatible avec les anneaux D aussi vendu sur ce site.<\/p>\n<\/div>\n<\/div>\n<\/div>\n<\/div>","protected":false},"excerpt":{"rendered":"<p>Caract\u00e9ristiques Un mousqueton en plastique solide fabriqu\u00e9 par 2M en Italie. Le fabricant pr\u00e9cise qu&rsquo;ils ont \u00e9t\u00e9 con\u00e7us pour une charge de 60kgs. Adaptable \u00e0 toute sangle de 25mm. Crochet compatible avec les anneaux D aussi vendu sur ce site.<\/p>","protected":false},"featured_media":1876,"comment_status":"open","ping_status":"closed","template":"","meta":[],"product_brand":[],"product_cat":[58],"product_tag":[],"class_list":{"0":"post-1737","1":"product","2":"type-product","3":"status-publish","4":"has-post-thumbnail","6":"product_cat-pieces-detachees","7":"product_shipping_class-expedition-standard-2","9":"first","10":"instock","11":"shipping-taxable","12":"purchasable","13":"product-type-variable","14":"has-default-attributes","15":"add-to-wishlist-after_add_to_cart"},"_links":{"self":[{"href":"https:\/\/kinogear.kinolios.com\/en\/wp-json\/wp\/v2\/product\/1737","targetHints":{"allow":["GET"]}}],"collection":[{"href":"https:\/\/kinogear.kinolios.com\/en\/wp-json\/wp\/v2\/product"}],"about":[{"href":"https:\/\/kinogear.kinolios.com\/en\/wp-json\/wp\/v2\/types\/product"}],"replies":[{"embeddable":true,"href":"https:\/\/kinogear.kinolios.com\/en\/wp-json\/wp\/v2\/comments?post=1737"}],"wp:featuredmedia":[{"embeddable":true,"href":"https:\/\/kinogear.kinolios.com\/en\/wp-json\/wp\/v2\/media\/1876"}],"wp:attachment":[{"href":"https:\/\/kinogear.kinolios.com\/en\/wp-json\/wp\/v2\/media?parent=1737"}],"wp:term":[{"taxonomy":"product_brand","embeddable":true,"href":"https:\/\/kinogear.kinolios.com\/en\/wp-json\/wp\/v2\/product_brand?post=1737"},{"taxonomy":"product_cat","embeddable":true,"href":"https:\/\/kinogear.kinolios.com\/en\/wp-json\/wp\/v2\/product_cat?post=1737"},{"taxonomy":"product_tag","embeddable":true,"href":"https:\/\/kinogear.kinolios.com\/en\/wp-json\/wp\/v2\/product_tag?post=1737"}],"curies":[{"name":"wp","href":"https:\/\/api.w.org\/{rel}","templated":true}]}}