{"id":1735,"date":"2024-03-20T17:29:10","date_gmt":"2024-03-20T16:29:10","guid":{"rendered":"https:\/\/kinogear.kinolios.com\/?post_type=product&#038;p=1735"},"modified":"2025-03-03T10:13:43","modified_gmt":"2025-03-03T09:13:43","slug":"boucles-plastiques-2m","status":"publish","type":"product","link":"https:\/\/kinogear.kinolios.com\/en\/product\/boucles-plastiques-2m\/","title":{"rendered":"2M Buckles"},"content":{"rendered":"<div class=\"boldgrid-section\">\n<div class=\"container\">\n<div class=\"row\">\n<div class=\"col-lg-12 col-md-12 col-xs-12 col-sm-12\">\n<h3><strong>Features<\/strong><\/h3>\n<p class=\"\">Military type plastic buckle for 25mm strap made in Italy by 2M.<\/p>\n<p class=\"\">Parts are compatible with ITW Nexus Europe military buckles.<\/p>\n<p class=\"\">Weight of the Set: 17.5g | Female: 9g | Male: 8.5g<\/p>\n<\/div>\n<\/div>\n<\/div>\n<\/div>","protected":false},"excerpt":{"rendered":"<p>Caract\u00e9ristiques Boucle plastique de type militaire pour sangle 25mm fabriqu\u00e9 en Italie par 2M. Les pi\u00e8ces sont compatibles avec les boucles militaires ITW Nexus Europe. Poids du Set: 17,5g | Femelle: 9g | Male: 8,5g<\/p>","protected":false},"featured_media":1875,"comment_status":"open","ping_status":"closed","template":"","meta":[],"product_brand":[],"product_cat":[58],"product_tag":[],"class_list":{"0":"post-1735","1":"product","2":"type-product","3":"status-publish","4":"has-post-thumbnail","6":"product_cat-pieces-detachees","7":"product_shipping_class-expedition-standard-2","9":"first","10":"instock","11":"shipping-taxable","12":"purchasable","13":"product-type-variable","14":"has-default-attributes","15":"add-to-wishlist-after_add_to_cart"},"_links":{"self":[{"href":"https:\/\/kinogear.kinolios.com\/en\/wp-json\/wp\/v2\/product\/1735","targetHints":{"allow":["GET"]}}],"collection":[{"href":"https:\/\/kinogear.kinolios.com\/en\/wp-json\/wp\/v2\/product"}],"about":[{"href":"https:\/\/kinogear.kinolios.com\/en\/wp-json\/wp\/v2\/types\/product"}],"replies":[{"embeddable":true,"href":"https:\/\/kinogear.kinolios.com\/en\/wp-json\/wp\/v2\/comments?post=1735"}],"wp:featuredmedia":[{"embeddable":true,"href":"https:\/\/kinogear.kinolios.com\/en\/wp-json\/wp\/v2\/media\/1875"}],"wp:attachment":[{"href":"https:\/\/kinogear.kinolios.com\/en\/wp-json\/wp\/v2\/media?parent=1735"}],"wp:term":[{"taxonomy":"product_brand","embeddable":true,"href":"https:\/\/kinogear.kinolios.com\/en\/wp-json\/wp\/v2\/product_brand?post=1735"},{"taxonomy":"product_cat","embeddable":true,"href":"https:\/\/kinogear.kinolios.com\/en\/wp-json\/wp\/v2\/product_cat?post=1735"},{"taxonomy":"product_tag","embeddable":true,"href":"https:\/\/kinogear.kinolios.com\/en\/wp-json\/wp\/v2\/product_tag?post=1735"}],"curies":[{"name":"wp","href":"https:\/\/api.w.org\/{rel}","templated":true}]}}