{"id":720,"date":"2024-02-23T12:46:05","date_gmt":"2024-02-23T11:46:05","guid":{"rendered":"https:\/\/kinogear.kinolios.com\/?page_id=720"},"modified":"2024-05-21T22:33:24","modified_gmt":"2024-05-21T21:33:24","slug":"foire-aux-questions","status":"publish","type":"page","link":"https:\/\/kinogear.kinolios.com\/en\/foire-aux-questions\/","title":{"rendered":"F.A.Q."},"content":{"rendered":"<div class=\"boldgrid-section\">\n<div class=\"container\">\n\n<div class=\"row\" style=\"padding-top: 18px; padding-bottom: 18px;\">\n<div class=\"col-lg-12 col-md-12 col-xs-12 col-sm-12\">\n<h2 class=\"\">Inventory Management<\/h2>\n<p class=\"\">We work in small series and with limited stocks of raw materials. Our stock management is detailed below:<\/p>\n<h4 class=\"\">L&rsquo;article est list\u00e9 en stock<\/h4>\n<p class=\"\">L&rsquo;article est d\u00e9j\u00e0 produit et peut \u00eatre exp\u00e9di\u00e9 imm\u00e9diatement. L&rsquo;envoi sera r\u00e9alis\u00e9 le plus rapidement possible.<\/p>\n<h4 class=\"\">L&rsquo;article n&rsquo;est pas en stock<\/h4>\n<p class=\"\">L&rsquo;article n&rsquo;est plus disponible et ne peut pas \u00eatre fabriqu\u00e9 sur commande. Si la page de l&rsquo;article est toujours visible, celui-ci sera s\u00fbrement r\u00e9approvisionn\u00e9 apr\u00e8s un certain d\u00e9lai. Si vous souhaitez \u00eatre inform\u00e9 d&rsquo;un retour en stock, n&rsquo;h\u00e9sitez pas \u00e0 vous abonner par mail aux notifications pour l&rsquo;article qui vous int\u00e9resse. La fen\u00eatre \u00ab\u00a0Me notifier d&rsquo;un retour en stock\u00a0\u00bb devrait s&rsquo;afficher sous chaque article en rupture de stock.<\/p>\n<h4 class=\"\">L&rsquo;article n&rsquo;est pas en stock mais disponible sur commande<\/h4>\n<p class=\"\">L&rsquo;article n&rsquo;est pas encore fabriqu\u00e9 mais tous les \u00e9l\u00e9ments n\u00e9cessaires \u00e0 sa conception sont disponibles. Une fois votre commande plac\u00e9e, votre article sera r\u00e9alis\u00e9 le plus rapidement possible et pr\u00e9par\u00e9 pour envoi. Notre atelier de conception est limit\u00e9 et les d\u00e9lais de fabrication peuvent s&rsquo;allonger en semaines voir mois suivant la charge de travail. N&rsquo;h\u00e9sitez pas \u00e0 nous contacter sur les d\u00e9lais actuels.<\/p>\n<p class=\"\">In the case of a Pre-Order item, the estimated manufacturing and delivery times will be written on the product page.<\/p>\n<h2 class=\"\">Pre-orders<\/h2>\n<p class=\"\">Certains articles, comme des s\u00e9ries limit\u00e9es avec des tissus sp\u00e9ciaux, pourront \u00eatre annonc\u00e9s en pr\u00e9commande. La fiche produit indiquera clairement qu&rsquo;il s&rsquo;agit d&rsquo;une pr\u00e9commande et les d\u00e9lais estim\u00e9s de fabrication et livraison. Pr\u00e9commander vous assurera de pouvoir disposer du produit malgr\u00e9 un stock tr\u00e8s limit\u00e9. Cela nous permet aussi d&rsquo;estimer plus pr\u00e9cis\u00e9ment la demande et l&rsquo;int\u00e9r\u00eat pour l&rsquo;article, pouvant permettre de d\u00e9velopper de futures variations ou s\u00e9ries suivant l&rsquo;engouement.<\/p>\n<h2 class=\"\">Custom made gear<\/h2>\n<p class=\"translation-block\">Do you have special requirements, need tailor-made equipment for a certain use or want to modify an existing product? Do not hesitate to get in touch with us through our <a href=\"https:\/\/kinogear.kinolios.com\/en\/contact\/\" target=\"_self\">contact form<\/a> or through social networks. Our workshop has all the flexibility necessary to adapt to specialized requests and the development of tailor-made products. We will try to respond as best as possible to your requests and offer you effective and robust solutions.<\/p>\n<h2 class=\"\">Care and use information<\/h2>\n<ul class=\"\">\n<li>Do not machine wash and put items in the dryer. Machines can damage straps, accessories and damage fabric coatings<\/li>\n<li>Do not use caustic cleaners, bleach, soaps, cleaning fluids or solvents which may discolor or deteriorate the products<\/li>\n<li>Do not iron the products<\/li>\n<li>Do not dry clean products<\/li>\n<\/ul>\n<h4 class=\"\">Cleaning Instructions<\/h4>\n<ul class=\"\">\n<li>Remove all items and personal effects from the product<\/li>\n<li>Remove dirt from exterior surfaces with a soft cloth or soft-bristled brush<\/li>\n<li>Laver \u00e0 la main \u00e0 l&rsquo;eau ti\u00e8de ou froide avec un d\u00e9tergent doux<\/li>\n<li>Rinse thoroughly with clean, cold water to remove all traces of detergent<\/li>\n<li>Suspendre pour s\u00e9cher \u00e0 l&rsquo;int\u00e9rieur ou \u00e0 l&rsquo;ombre, loin de toute source de chaleur<\/li>\n<\/ul>\n<p class=\"\">&nbsp;<\/p>\n<\/div>\n<\/div>\n<\/div>\n<\/div>\n<div class=\"boldgrid-section\">\n<div class=\"container\">\n<div class=\"row\">\n<div class=\"col-lg-12 col-md-12 col-xs-12 col-sm-12\">\n<div class=\"\"><\/div>\n<\/div>\n<\/div>\n<\/div>\n<\/div>","protected":false},"excerpt":{"rendered":"<p>Gestion des stocks Nous travaillons en petite s\u00e9rie et avec des stocks de mati\u00e8res premi\u00e8res limit\u00e9s. Notre gestion des stock est d\u00e9taill\u00e9e ci-dessous: L&rsquo;article est list\u00e9 en stock L&rsquo;article est d\u00e9j\u00e0 produit et peut \u00eatre exp\u00e9di\u00e9 imm\u00e9diatement. L&rsquo;envoi sera r\u00e9alis\u00e9 le plus rapidement possible. L&rsquo;article n&rsquo;est pas en stock L&rsquo;article n&rsquo;est plus disponible et ne [&hellip;]<\/p>\n","protected":false},"author":1,"featured_media":0,"parent":0,"menu_order":0,"comment_status":"closed","ping_status":"closed","template":"template\/page\/fullwidth.php","meta":{"footnotes":""},"class_list":["post-720","page","type-page","status-publish","hentry"],"_links":{"self":[{"href":"https:\/\/kinogear.kinolios.com\/en\/wp-json\/wp\/v2\/pages\/720","targetHints":{"allow":["GET"]}}],"collection":[{"href":"https:\/\/kinogear.kinolios.com\/en\/wp-json\/wp\/v2\/pages"}],"about":[{"href":"https:\/\/kinogear.kinolios.com\/en\/wp-json\/wp\/v2\/types\/page"}],"author":[{"embeddable":true,"href":"https:\/\/kinogear.kinolios.com\/en\/wp-json\/wp\/v2\/users\/1"}],"replies":[{"embeddable":true,"href":"https:\/\/kinogear.kinolios.com\/en\/wp-json\/wp\/v2\/comments?post=720"}],"version-history":[{"count":10,"href":"https:\/\/kinogear.kinolios.com\/en\/wp-json\/wp\/v2\/pages\/720\/revisions"}],"predecessor-version":[{"id":1973,"href":"https:\/\/kinogear.kinolios.com\/en\/wp-json\/wp\/v2\/pages\/720\/revisions\/1973"}],"wp:attachment":[{"href":"https:\/\/kinogear.kinolios.com\/en\/wp-json\/wp\/v2\/media?parent=720"}],"curies":[{"name":"wp","href":"https:\/\/api.w.org\/{rel}","templated":true}]}}