{"id":696,"date":"2024-02-12T14:22:18","date_gmt":"2024-02-12T13:22:18","guid":{"rendered":"https:\/\/kinogear.kinolios.com\/?page_id=696"},"modified":"2024-02-12T14:26:24","modified_gmt":"2024-02-12T13:26:24","slug":"contact","status":"publish","type":"page","link":"https:\/\/kinogear.kinolios.com\/en\/contact\/","title":{"rendered":"Contact"},"content":{"rendered":"<div class=\"boldgrid-section\">\n<div class=\"container\">\n<div class=\"row\">\n<div class=\"col-lg-12 col-md-12 col-xs-12 col-sm-12\">\n<p class=\"bg-text-fx bg-text-fx-closeheavy\">Veuillez utiliser le formulaire de contact ci-dessous pour toute information suppl\u00e9mentaire ou demande de modification\/cr\u00e9ation de produit<\/p>\n<p class=\"bg-text-fx bg-text-fx-closeheavy\">Nous vous r\u00e9pondrons dans les meilleurs d\u00e9lais possibles.<\/p>\n<div class=\"boldgrid-shortcode\" data-imhwpb-draggable=\"true\" style=\"box-shadow: #cecece 0px 0px 0px 0px;\" data-darkreader-inline-boxshadow=\"\">\n<div class=\"widget wpforms-widget\"><div class=\"wpforms-container wpforms-render-modern\" id=\"wpforms-692\"><form id=\"wpforms-form-692\" class=\"wpforms-validate wpforms-form wpforms-ajax-form\" data-formid=\"692\" method=\"post\" enctype=\"multipart\/form-data\" action=\"\/en\/wp-json\/wp\/v2\/pages\/696\" data-token=\"06141a4c7625f1c453655fd35ecdca40\" data-token-time=\"1776601823\"><noscript class=\"wpforms-error-noscript\">Please enable JavaScript in your browser to complete this form.<\/noscript><div id=\"wpforms-error-noscript\" style=\"display: none;\">Please enable JavaScript in your browser to complete this form.<\/div><div class=\"wpforms-field-container\"><div id=\"wpforms-692-field_0-container\" class=\"wpforms-field wpforms-field-name\" data-field-id=\"0\"><fieldset><legend class=\"wpforms-field-label\">Nom <span class=\"wpforms-required-label\" aria-hidden=\"true\">*<\/span><\/legend><div class=\"wpforms-field-row wpforms-field-medium\"><div class=\"wpforms-field-row-block wpforms-first wpforms-one-half\"><input type=\"text\" id=\"wpforms-692-field_0\" class=\"wpforms-field-name-first wpforms-field-required\" name=\"wpforms[fields][0][first]\" aria-errormessage=\"wpforms-692-field_0-error\" required><label for=\"wpforms-692-field_0\" class=\"wpforms-field-sublabel after\">First<\/label><\/div><div class=\"wpforms-field-row-block wpforms-one-half\"><input type=\"text\" id=\"wpforms-692-field_0-last\" class=\"wpforms-field-name-last wpforms-field-required\" name=\"wpforms[fields][0][last]\" aria-errormessage=\"wpforms-692-field_0-last-error\" required><label for=\"wpforms-692-field_0-last\" class=\"wpforms-field-sublabel after\">Last<\/label><\/div><\/div><\/fieldset><\/div><div id=\"wpforms-692-field_1-container\" class=\"wpforms-field wpforms-field-email\" data-field-id=\"1\"><label class=\"wpforms-field-label\" for=\"wpforms-692-field_1\">E-mail <span class=\"wpforms-required-label\" aria-hidden=\"true\">*<\/span><\/label><input type=\"email\" id=\"wpforms-692-field_1\" class=\"wpforms-field-medium wpforms-field-required\" name=\"wpforms[fields][1]\" spellcheck=\"false\" aria-errormessage=\"wpforms-692-field_1-error\" required><\/div><div id=\"wpforms-692-field_4-container\" class=\"wpforms-field wpforms-field-radio\" data-field-id=\"4\"><fieldset><legend class=\"wpforms-field-label\">Veuillez s\u00e9lectionner le sujet de votre demande : <span class=\"wpforms-required-label\" aria-hidden=\"true\">*<\/span><\/legend><ul id=\"wpforms-692-field_4\" class=\"wpforms-field-required\"><li class=\"choice-1 depth-1\"><input type=\"radio\" id=\"wpforms-692-field_4_1\" name=\"wpforms[fields][4]\" value=\"Information sur des produits\" aria-errormessage=\"wpforms-692-field_4_1-error\" required ><label class=\"wpforms-field-label-inline\" for=\"wpforms-692-field_4_1\">Information sur des produits<\/label><\/li><li class=\"choice-2 depth-1\"><input type=\"radio\" id=\"wpforms-692-field_4_2\" name=\"wpforms[fields][4]\" value=\"Personnalisation ou modification d&#039;un produit existant\" aria-errormessage=\"wpforms-692-field_4_2-error\" required ><label class=\"wpforms-field-label-inline\" for=\"wpforms-692-field_4_2\">Personnalisation ou modification d'un produit existant<\/label><\/li><li class=\"choice-3 depth-1\"><input type=\"radio\" id=\"wpforms-692-field_4_3\" name=\"wpforms[fields][4]\" value=\"Cr\u00e9ation sur demande\" aria-errormessage=\"wpforms-692-field_4_3-error\" required ><label class=\"wpforms-field-label-inline\" for=\"wpforms-692-field_4_3\">Cr\u00e9ation sur demande<\/label><\/li><li class=\"choice-4 depth-1\"><input type=\"radio\" id=\"wpforms-692-field_4_4\" name=\"wpforms[fields][4]\" value=\"Autre\" aria-errormessage=\"wpforms-692-field_4_4-error\" required ><label class=\"wpforms-field-label-inline\" for=\"wpforms-692-field_4_4\">Autre<\/label><\/li><\/ul><\/fieldset><\/div><div id=\"wpforms-692-field_5-container\" class=\"wpforms-field wpforms-field-text\" data-field-id=\"5\"><label class=\"wpforms-field-label\" for=\"wpforms-692-field_5\">Titre du message<\/label><input type=\"text\" id=\"wpforms-692-field_5\" class=\"wpforms-field-medium\" name=\"wpforms[fields][5]\" aria-errormessage=\"wpforms-692-field_5-error\" ><\/div><div id=\"wpforms-692-field_2-container\" class=\"wpforms-field wpforms-field-textarea\" data-field-id=\"2\"><label class=\"wpforms-field-label\" for=\"wpforms-692-field_2\">Corps du message <span class=\"wpforms-required-label\" aria-hidden=\"true\">*<\/span><\/label><textarea id=\"wpforms-692-field_2\" class=\"wpforms-field-medium wpforms-field-required\" name=\"wpforms[fields][2]\" aria-errormessage=\"wpforms-692-field_2-error\" required><\/textarea><\/div><div id=\"wpforms-692-field_6-container\" class=\"wpforms-field wpforms-field-checkbox\" data-field-id=\"6\"><fieldset><legend class=\"wpforms-field-label wpforms-label-hide\" aria-hidden=\"false\">Cases \u00e0 cocher<\/legend><ul id=\"wpforms-692-field_6\"><li class=\"choice-1 depth-1\"><input type=\"checkbox\" id=\"wpforms-692-field_6_1\" name=\"wpforms[fields][6][]\" value=\"Je souhaite \u00eatre rappel\u00e9 pour discuter de mon projet ou \u00e9tablir un devis\" aria-errormessage=\"wpforms-692-field_6_1-error\"  ><label class=\"wpforms-field-label-inline\" for=\"wpforms-692-field_6_1\">Je souhaite \u00eatre rappel\u00e9 pour discuter de mon projet ou \u00e9tablir un devis<\/label><\/li><\/ul><\/fieldset><\/div><div id=\"wpforms-692-field_7-container\" class=\"wpforms-field wpforms-field-text\" data-field-id=\"7\"><label class=\"wpforms-field-label\" for=\"wpforms-692-field_7\">Num\u00e9ro de t\u00e9l\u00e9phone<\/label><input type=\"text\" id=\"wpforms-692-field_7\" class=\"wpforms-field-medium\" name=\"wpforms[fields][7]\" aria-errormessage=\"wpforms-692-field_7-error\" aria-describedby=\"wpforms-692-field_7-description\" ><div id=\"wpforms-692-field_7-description\" class=\"wpforms-field-description\">(ce num\u00e9ro n'est ni stock\u00e9, ni communiqu\u00e9 \u00e0 des parties tierces)<\/div><\/div><div id=\"wpforms-692-field_9-container\" class=\"wpforms-field wpforms-field-gdpr-checkbox\" data-field-id=\"9\"><label class=\"wpforms-field-label\">Accord RGPD <span class=\"wpforms-required-label\" aria-hidden=\"true\">*<\/span><\/label><ul id=\"wpforms-692-field_9\" class=\"wpforms-field-required\"><li class=\"choice-1\"><input type=\"checkbox\" id=\"wpforms-692-field_9_1\" name=\"wpforms[fields][9][]\" value=\"Je consens \u00e0 ce que ce site stocke mes informations envoy\u00e9es afin qu\u2019ils puissent r\u00e9pondre \u00e0 ma requ\u00eate.\" aria-errormessage=\"wpforms-692-field_9_1-error\" required ><label class=\"wpforms-field-label-inline\" for=\"wpforms-692-field_9_1\">Je consens \u00e0 ce que ce site stocke mes informations envoy\u00e9es afin qu\u2019ils puissent r\u00e9pondre \u00e0 ma requ\u00eate.<\/label><\/li><\/ul><\/div><\/div><!-- .wpforms-field-container --><div class=\"wpforms-submit-container\" ><input type=\"hidden\" name=\"wpforms[id]\" value=\"692\"><input type=\"hidden\" name=\"page_title\" value=\"\"><input type=\"hidden\" name=\"page_url\" value=\"https:\/\/kinogear.kinolios.com\/en\/wp-json\/wp\/v2\/pages\/696\"><input type=\"hidden\" name=\"url_referer\" value=\"\">\t\t<div id=\"cf-turnstile-wpf-34432487\"\r\n\t\tclass=\"cf-turnstile\" data-callback=\"turnstileWPFCallback\"\t\tdata-sitekey=\"0x4AAAAAAAMZ9EoB09WiC_UD\"\r\n\t\tdata-theme=\"dark\"\r\n\t\tdata-language=\"fr\"\r\n\t\tdata-size=\"\"\r\n\t\tdata-retry=\"auto\" data-retry-interval=\"1000\"\r\n\t\tdata-refresh-expired=\"auto\"\r\n\t\tdata-action=\"wpforms-692\"\r\n\t\t\t\tdata-appearance=\"always\"><\/div>\r\n\t\t\t\t<style>.wpforms-submit { pointer-events: none; opacity: 0.5; }<\/style>\r\n\t\t\t<script>document.addEventListener(\"DOMContentLoaded\", function() { setTimeout(function(){ var e=document.getElementById(\"cf-turnstile-wpf-34432487\"); e&&!e.innerHTML.trim()&&(turnstile.remove(\"#cf-turnstile-wpf-34432487\"), turnstile.render(\"#cf-turnstile-wpf-34432487\", {sitekey:\"0x4AAAAAAAMZ9EoB09WiC_UD\"})); }, 100); });<\/script>\r\n\t\t\t<br class=\"cf-turnstile-br cf-turnstile-br-wpf-34432487\">\r\n\t\t\t\t<style>#cf-turnstile-wpf-34432487 { margin-left: -15px; }<\/style>\r\n\t\t<button type=\"submit\" name=\"wpforms[submit]\" id=\"wpforms-submit-692\" class=\"wpforms-submit\" data-alt-text=\"Envoi...\" data-submit-text=\"Envoyer\" aria-live=\"assertive\" value=\"wpforms-submit\">Envoyer<\/button><img loading=\"lazy\" decoding=\"async\" src=\"https:\/\/kinogear.kinolios.com\/wp-content\/plugins\/wpforms-lite\/assets\/images\/submit-spin.svg\" class=\"wpforms-submit-spinner\" style=\"display: none;\" width=\"26\" height=\"26\" alt=\"Loading\"><\/div><\/form><\/div>  <!-- .wpforms-container --><\/div>\n<\/div>\n<p class=\"\">&nbsp;<\/p>\n<\/div>\n<\/div>\n<\/div>\n<\/div>\n","protected":false},"excerpt":{"rendered":"<p>Veuillez utiliser le formulaire de contact ci-dessous pour toute information suppl\u00e9mentaire ou demande de modification\/cr\u00e9ation de produit Nous vous r\u00e9pondrons dans les meilleurs d\u00e9lais possibles. &nbsp;<\/p>","protected":false},"author":1,"featured_media":0,"parent":0,"menu_order":0,"comment_status":"closed","ping_status":"closed","template":"template\/page\/fullwidth.php","meta":{"footnotes":""},"class_list":["post-696","page","type-page","status-publish","hentry"],"_links":{"self":[{"href":"https:\/\/kinogear.kinolios.com\/en\/wp-json\/wp\/v2\/pages\/696","targetHints":{"allow":["GET"]}}],"collection":[{"href":"https:\/\/kinogear.kinolios.com\/en\/wp-json\/wp\/v2\/pages"}],"about":[{"href":"https:\/\/kinogear.kinolios.com\/en\/wp-json\/wp\/v2\/types\/page"}],"author":[{"embeddable":true,"href":"https:\/\/kinogear.kinolios.com\/en\/wp-json\/wp\/v2\/users\/1"}],"replies":[{"embeddable":true,"href":"https:\/\/kinogear.kinolios.com\/en\/wp-json\/wp\/v2\/comments?post=696"}],"version-history":[{"count":2,"href":"https:\/\/kinogear.kinolios.com\/en\/wp-json\/wp\/v2\/pages\/696\/revisions"}],"predecessor-version":[{"id":702,"href":"https:\/\/kinogear.kinolios.com\/en\/wp-json\/wp\/v2\/pages\/696\/revisions\/702"}],"wp:attachment":[{"href":"https:\/\/kinogear.kinolios.com\/en\/wp-json\/wp\/v2\/media?parent=696"}],"curies":[{"name":"wp","href":"https:\/\/api.w.org\/{rel}","templated":true}]}}