{"id":2355,"date":"2025-02-21T11:21:17","date_gmt":"2025-02-21T10:21:17","guid":{"rendered":"https:\/\/kinogear.kinolios.com\/?page_id=2355"},"modified":"2025-03-01T09:14:30","modified_gmt":"2025-03-01T08:14:30","slug":"showroom-prototypes","status":"publish","type":"page","link":"https:\/\/kinogear.kinolios.com\/en\/showroom-prototypes\/","title":{"rendered":"Showroom \/ Prototypes"},"content":{"rendered":"<div class=\"boldgrid-section\">\n<div class=\"container\">\n<div class=\"row\">\n<div class=\"col-lg-12 col-md-12 col-xs-12 col-sm-12\">\n<p class=\"\" style=\"text-align: center;\">Presentation of the various prototypes under development and tailor-made products produced by us.<\/p>\n<p class=\"\" style=\"text-align: center;\">Even if these products are not available on the store, do not hesitate to contact us if they would suit your needs or if you would like any modifications to these designs. We can discuss the feasibility as well as establish a quote.<\/p>\n<p class=\"\" style=\"text-align: center;\"><div class=\"su-button-center\"><a href=\"https:\/\/kinogear.kinolios.com\/en\/contact\/\" class=\"su-button su-button-style-ghost\" style=\"color:#FFFFFF;background-color:#d8d8d8;border-color:#adadad;border-radius:8px\" target=\"_self\"><span style=\"color:#FFFFFF;padding:0px 22px;font-size:17px;line-height:34px;border-color:#e4e4e4;border-radius:8px;text-shadow:none\"> Contact us<\/span><\/a><\/div>\n<p class=\"\">&nbsp;<\/p>\n<\/div>\n<\/div>\n<\/div>\n<\/div>\n<div class=\"boldgrid-section\">\n<div class=\"container\">\n<div class=\"row\" style=\"padding-top: 0px; padding-bottom: 20px;\">\n<div class=\"col-lg-6 col-md-12 col-xs-12 col-sm-12 align-column-center\">\n<p class=\"\">\n<\/div>\n<div class=\"col-lg-6 col-md-12 col-xs-12 col-sm-12 align-column-center\">\n<p class=\"\"><strong>Chest-rig with H Harness<\/strong><\/p>\n<ul class=\"\">\n<li>Modular equipment platform<\/li>\n<li>Cordura H harness, with 60mm wide shoulder straps and equipment loops<\/li>\n<li>D-rings in the back for integration with other harness\/gear<\/li>\n<li>Here shown with a MOLLE placard and additional utility pouches with zipper and flap<\/li>\n<\/ul>\n<\/div>\n<div data-mode=\"id\" dir=\"ltr\"><\/div>\n<div data-mode=\"id\" dir=\"ltr\"><\/div>\n<\/div>\n<\/div>\n<\/div>\n<div class=\"boldgrid-section\">\n<div class=\"container\">\n<div class=\"row\" style=\"padding-top: 0px; padding-bottom: 20px;\">\n<div class=\"col-lg-6 col-md-12 col-xs-12 col-sm-12 align-column-center\">\n<p class=\"\"><strong>Prototype of work belt with MOLLE attachments<\/strong><\/p>\n<ul class=\"\">\n<li>Ergonomic shape so that the weight is well distributed across the hips<\/li>\n<li>3D Mesh on the inside for ventilation and wearing comfort<\/li>\n<li>MOLLE panels on the exteriors for adding pouches\/equipment<\/li>\n<li>Internal belt in 50mm webbing with plastic buckle and regulation<\/li>\n<li>3 internal compartments with interchangeable foam<\/li>\n<li>D-rings for integration with harness\/other gear<\/li>\n<\/ul>\n<\/div>\n<div class=\"col-lg-6 col-md-12 col-xs-12 col-sm-12 align-column-center\">\n<div class=\"n2_ss_slider_publish__option_code\" data-mode=\"id\" dir=\"ltr\"><\/div>\n<\/div>\n<\/div>\n<\/div>\n<\/div>\n<div class=\"boldgrid-section\">\n<div class=\"container\">\n<div class=\"row\" style=\"padding-top: 0px; padding-bottom: 20px;\">\n<div class=\"col-lg-6 col-md-12 col-xs-12 col-sm-12 align-column-center\">\n<p class=\"\">\n<\/div>\n<div class=\"col-lg-6 col-md-12 col-xs-12 col-sm-12 align-column-center\">\n<div class=\"n2_ss_slider_publish__option_code\" data-mode=\"id\" dir=\"ltr\">\n<p class=\"\"><strong>MOLLE Placard<br \/>\n<\/strong><\/p>\n<ul class=\"\">\n<li>Modular equipment platform, compatible with H or X harnesses, or plate carrier thanks to the rear hook fabric and plastic buckles<\/li>\n<li>2 placards can be combined together to form a Split-rig<\/li>\n<li>Modular attachments on the sides, which can accommodate 25mm buckles or ROC 80 tactical buckles for integration on tactical vests<\/li>\n<li>Loop lined main compartment for inserts<\/li>\n<li>Flat admin pouch on the back<\/li>\n<li>MOLLE loops on the front for adding pouches and accessories<\/li>\n<\/ul>\n<\/div>\n<\/div>\n<\/div>\n<\/div>\n<\/div>\n<div class=\"boldgrid-section\">\n<div class=\"container\">\n<div class=\"row\" style=\"padding-top: 0px; padding-bottom: 20px;\">\n<div class=\"col-lg-6 col-md-12 col-xs-12 col-sm-12 align-column-center\">\n<p class=\"\"><strong>Custom utility pouches<br \/>\n<\/strong><\/p>\n<ul class=\"\">\n<li>Custom utility pouches with zipper, Velcro flap, flap with plastic buckle or any combination<\/li>\n<li>These pockets can be made in all formats and with tailor-made arrangements.<\/li>\n<li>The rear can be with MOLLE loops as shown here, hook fabric or any other system on request<\/li>\n<\/ul>\n<\/div>\n<div class=\"col-lg-6 col-md-12 col-xs-12 col-sm-12 align-column-center\">\n<div class=\"n2_ss_slider_publish__option_code\" data-mode=\"id\" dir=\"ltr\">\n<p class=\"\">\n<\/div>\n<\/div>\n<\/div>\n<\/div>\n<\/div>","protected":false},"excerpt":{"rendered":"<p>Pr\u00e9sentation des divers prototypes en cours de d\u00e9veloppement et produits sur-mesure r\u00e9alis\u00e9s par nos soins. M\u00eame si ces produits ne sont pas disponibles sur la boutique, n&rsquo;h\u00e9sitez pas \u00e0 nous contacter s&rsquo;ils conviendraient \u00e0 vos besoins ou si vous souhaiteriez des modifications sur ces designs. Nous pourrons discuter de la faisabilit\u00e9 ainsi qu&rsquo;\u00e9tablir un devis. [&hellip;]<\/p>\n","protected":false},"author":1,"featured_media":0,"parent":0,"menu_order":0,"comment_status":"closed","ping_status":"closed","template":"template\/page\/fullwidth.php","meta":{"footnotes":""},"class_list":["post-2355","page","type-page","status-publish","hentry"],"_links":{"self":[{"href":"https:\/\/kinogear.kinolios.com\/en\/wp-json\/wp\/v2\/pages\/2355","targetHints":{"allow":["GET"]}}],"collection":[{"href":"https:\/\/kinogear.kinolios.com\/en\/wp-json\/wp\/v2\/pages"}],"about":[{"href":"https:\/\/kinogear.kinolios.com\/en\/wp-json\/wp\/v2\/types\/page"}],"author":[{"embeddable":true,"href":"https:\/\/kinogear.kinolios.com\/en\/wp-json\/wp\/v2\/users\/1"}],"replies":[{"embeddable":true,"href":"https:\/\/kinogear.kinolios.com\/en\/wp-json\/wp\/v2\/comments?post=2355"}],"version-history":[{"count":14,"href":"https:\/\/kinogear.kinolios.com\/en\/wp-json\/wp\/v2\/pages\/2355\/revisions"}],"predecessor-version":[{"id":2719,"href":"https:\/\/kinogear.kinolios.com\/en\/wp-json\/wp\/v2\/pages\/2355\/revisions\/2719"}],"wp:attachment":[{"href":"https:\/\/kinogear.kinolios.com\/en\/wp-json\/wp\/v2\/media?parent=2355"}],"curies":[{"name":"wp","href":"https:\/\/api.w.org\/{rel}","templated":true}]}}